{"id":60,"date":"2023-01-17T07:15:25","date_gmt":"2023-01-17T07:15:25","guid":{"rendered":"https:\/\/leboisdesfraux.fr\/?page_id=60"},"modified":"2025-09-23T07:17:55","modified_gmt":"2025-09-23T07:17:55","slug":"4-contact","status":"publish","type":"page","link":"https:\/\/leboisdesfraux.fr\/index.php\/page-de-garde\/4-contact\/","title":{"rendered":"4- Contact"},"content":{"rendered":"\n<p><\/p>\n\n\n\n<div class=\"wp-block-media-text is-stacked-on-mobile\"><figure class=\"wp-block-media-text__media\"><img loading=\"lazy\" decoding=\"async\" width=\"972\" height=\"631\" src=\"https:\/\/leboisdesfraux.fr\/wp-content\/uploads\/2025\/03\/Carte-de-visite.jpg\" alt=\"\" class=\"wp-image-703 size-full\" srcset=\"https:\/\/leboisdesfraux.fr\/wp-content\/uploads\/2025\/03\/Carte-de-visite.jpg 972w, https:\/\/leboisdesfraux.fr\/wp-content\/uploads\/2025\/03\/Carte-de-visite-300x195.jpg 300w, https:\/\/leboisdesfraux.fr\/wp-content\/uploads\/2025\/03\/Carte-de-visite-768x499.jpg 768w\" sizes=\"auto, (max-width: 972px) 100vw, 972px\" \/><\/figure><div class=\"wp-block-media-text__content\">\n<p><strong>A votre \u00e9coute pour toute question, renseignement, suggestion, commande, &#8230;&#8230;<\/strong><\/p>\n\n\n\n<p><strong>Vous pouvez me contacter par t\u00e9l\u00e9phone, par mail, ou via le formulaire de contact ci-dessous<\/strong><\/p>\n\n\n\n<p><strong>Merci<\/strong><\/p>\n<\/div><\/div>\n\n\n\n<div class=\"wp-block-columns is-layout-flex wp-container-core-columns-is-layout-9d6595d7 wp-block-columns-is-layout-flex\">\n<div class=\"wp-block-column is-layout-flow wp-block-column-is-layout-flow\" style=\"flex-basis:100%\">\n<div class=\"wp-block-group\"><div class=\"wp-block-group__inner-container is-layout-constrained wp-block-group-is-layout-constrained\">\n<div class=\"wp-block-columns is-layout-flex wp-container-core-columns-is-layout-9d6595d7 wp-block-columns-is-layout-flex\">\n<div class=\"wp-block-column is-layout-flow wp-block-column-is-layout-flow\" style=\"flex-basis:100%\">\n<div class=\"wp-block-group alignwide\"><div class=\"wp-block-group__inner-container is-layout-constrained wp-block-group-is-layout-constrained\">\n<div class=\"wp-block-columns is-layout-flex wp-container-core-columns-is-layout-9d6595d7 wp-block-columns-is-layout-flex\">\n<div class=\"wp-block-column is-vertically-aligned-center has-neve-link-color-color has-nv-light-bg-background-color has-text-color has-background has-medium-font-size is-layout-flow wp-block-column-is-layout-flow\" style=\"font-style:normal;font-weight:800;text-transform:capitalize;flex-basis:100%\"><div class=\"wpforms-container wpforms-container-full wpforms-block wpforms-block-e5000845-99fa-4172-996c-e12ce706c9f9\" id=\"wpforms-189\"><form id=\"wpforms-form-189\" class=\"wpforms-validate wpforms-form wpforms-ajax-form\" data-formid=\"189\" method=\"post\" enctype=\"multipart\/form-data\" action=\"\/index.php\/wp-json\/wp\/v2\/pages\/60\" data-token=\"797ab1486b0051a1c41e3a6da2458a5f\" data-token-time=\"1775573123\"><noscript class=\"wpforms-error-noscript\">Veuillez activer JavaScript dans votre navigateur pour remplir ce formulaire.<\/noscript><div class=\"wpforms-field-container\"><div id=\"wpforms-189-field_0-container\" class=\"wpforms-field wpforms-field-name\" data-field-id=\"0\"><label class=\"wpforms-field-label\">Nom <span class=\"wpforms-required-label\">*<\/span><\/label><div class=\"wpforms-field-row wpforms-field-medium\"><div class=\"wpforms-field-row-block wpforms-first wpforms-one-half\"><input type=\"text\" id=\"wpforms-189-field_0\" class=\"wpforms-field-name-first wpforms-field-required\" name=\"wpforms[fields][0][first]\" required><label for=\"wpforms-189-field_0\" class=\"wpforms-field-sublabel after\">Pr\u00e9nom<\/label><\/div><div class=\"wpforms-field-row-block wpforms-one-half\"><input type=\"text\" id=\"wpforms-189-field_0-last\" class=\"wpforms-field-name-last wpforms-field-required\" name=\"wpforms[fields][0][last]\" required><label for=\"wpforms-189-field_0-last\" class=\"wpforms-field-sublabel after\">Nom<\/label><\/div><\/div><\/div><div id=\"wpforms-189-field_1-container\" class=\"wpforms-field wpforms-field-email\" data-field-id=\"1\"><label class=\"wpforms-field-label\" for=\"wpforms-189-field_1\">Email <span class=\"wpforms-required-label\">*<\/span><\/label><input type=\"email\" id=\"wpforms-189-field_1\" class=\"wpforms-field-medium wpforms-field-required\" name=\"wpforms[fields][1]\" spellcheck=\"false\" required><\/div><div id=\"wpforms-189-field_3-container\" class=\"wpforms-field wpforms-field-number\" data-field-id=\"3\"><label class=\"wpforms-field-label\" for=\"wpforms-189-field_3\">T\u00e9l\u00e9phone<\/label><input type=\"number\" id=\"wpforms-189-field_3\" class=\"wpforms-field-medium\" name=\"wpforms[fields][3]\" step=\"any\" ><\/div><div id=\"wpforms-189-field_2-container\" class=\"wpforms-field wpforms-field-textarea\" data-field-id=\"2\"><label class=\"wpforms-field-label\" for=\"wpforms-189-field_2\">Message<\/label><textarea id=\"wpforms-189-field_2\" class=\"wpforms-field-medium\" name=\"wpforms[fields][2]\" ><\/textarea><\/div><\/div><!-- .wpforms-field-container --><div class=\"wpforms-submit-container\" ><input type=\"hidden\" name=\"wpforms[id]\" value=\"189\"><input type=\"hidden\" name=\"page_title\" value=\"\"><input type=\"hidden\" name=\"page_url\" value=\"https:\/\/leboisdesfraux.fr\/index.php\/wp-json\/wp\/v2\/pages\/60\"><input type=\"hidden\" name=\"url_referer\" value=\"\"><button type=\"submit\" name=\"wpforms[submit]\" id=\"wpforms-submit-189\" class=\"wpforms-submit\" data-alt-text=\"Sending...\" data-submit-text=\"Submit\" aria-live=\"assertive\" value=\"wpforms-submit\">Submit<\/button><img loading=\"lazy\" decoding=\"async\" src=\"https:\/\/leboisdesfraux.fr\/wp-content\/plugins\/wpforms-lite\/assets\/images\/submit-spin.svg\" class=\"wpforms-submit-spinner\" style=\"display: none;\" width=\"26\" height=\"26\" alt=\"Chargement en cours\"><\/div><\/form><\/div>  <!-- .wpforms-container --><\/div>\n<\/div>\n<\/div><\/div>\n<\/div>\n<\/div>\n<\/div><\/div>\n<\/div>\n<\/div>\n\n\n\n<p><font _mstmutation=\"1\" _msthash=\"993642\"><\/font><\/p>\n","protected":false},"excerpt":{"rendered":"<p>A votre \u00e9coute pour toute question, renseignement, suggestion, commande, &#8230;&#8230; Vous pouvez me contacter par t\u00e9l\u00e9phone, par mail, ou via le formulaire de contact ci-dessous Merci<\/p>\n","protected":false},"author":1,"featured_media":0,"parent":16,"menu_order":0,"comment_status":"closed","ping_status":"closed","template":"page-templates\/template-pagebuilder-full-width.php","meta":{"neve_meta_sidebar":"","neve_meta_container":"","neve_meta_enable_content_width":"","neve_meta_content_width":0,"neve_meta_title_alignment":"","neve_meta_author_avatar":"","neve_post_elements_order":"","neve_meta_disable_header":"","neve_meta_disable_footer":"","neve_meta_disable_title":"","footnotes":""},"class_list":["post-60","page","type-page","status-publish","hentry"],"_links":{"self":[{"href":"https:\/\/leboisdesfraux.fr\/index.php\/wp-json\/wp\/v2\/pages\/60","targetHints":{"allow":["GET"]}}],"collection":[{"href":"https:\/\/leboisdesfraux.fr\/index.php\/wp-json\/wp\/v2\/pages"}],"about":[{"href":"https:\/\/leboisdesfraux.fr\/index.php\/wp-json\/wp\/v2\/types\/page"}],"author":[{"embeddable":true,"href":"https:\/\/leboisdesfraux.fr\/index.php\/wp-json\/wp\/v2\/users\/1"}],"replies":[{"embeddable":true,"href":"https:\/\/leboisdesfraux.fr\/index.php\/wp-json\/wp\/v2\/comments?post=60"}],"version-history":[{"count":28,"href":"https:\/\/leboisdesfraux.fr\/index.php\/wp-json\/wp\/v2\/pages\/60\/revisions"}],"predecessor-version":[{"id":766,"href":"https:\/\/leboisdesfraux.fr\/index.php\/wp-json\/wp\/v2\/pages\/60\/revisions\/766"}],"up":[{"embeddable":true,"href":"https:\/\/leboisdesfraux.fr\/index.php\/wp-json\/wp\/v2\/pages\/16"}],"wp:attachment":[{"href":"https:\/\/leboisdesfraux.fr\/index.php\/wp-json\/wp\/v2\/media?parent=60"}],"curies":[{"name":"wp","href":"https:\/\/api.w.org\/{rel}","templated":true}]}}