{"id":523,"date":"2024-01-05T08:08:52","date_gmt":"2024-01-05T08:08:52","guid":{"rendered":"https:\/\/leboisdesfraux.fr\/?page_id=523"},"modified":"2025-11-03T16:12:35","modified_gmt":"2025-11-03T16:12:35","slug":"3-5-deco","status":"publish","type":"page","link":"https:\/\/leboisdesfraux.fr\/index.php\/page-de-garde\/3-mes-creations\/3-5-deco\/","title":{"rendered":"3.5- D\u00e9co."},"content":{"rendered":"\n<p><\/p>\n\n\n\n<div class=\"wp-block-media-text is-stacked-on-mobile\"><figure class=\"wp-block-media-text__media\"><img loading=\"lazy\" decoding=\"async\" width=\"768\" height=\"1024\" src=\"http:\/\/leboisdesfraux.fr\/wp-content\/uploads\/2024\/01\/20231104_161934-768x1024.jpg\" alt=\"\" class=\"wp-image-629 size-full\" srcset=\"https:\/\/leboisdesfraux.fr\/wp-content\/uploads\/2024\/01\/20231104_161934-768x1024.jpg 768w, https:\/\/leboisdesfraux.fr\/wp-content\/uploads\/2024\/01\/20231104_161934-225x300.jpg 225w, https:\/\/leboisdesfraux.fr\/wp-content\/uploads\/2024\/01\/20231104_161934-1152x1536.jpg 1152w, https:\/\/leboisdesfraux.fr\/wp-content\/uploads\/2024\/01\/20231104_161934-1536x2048.jpg 1536w, https:\/\/leboisdesfraux.fr\/wp-content\/uploads\/2024\/01\/20231104_161934-scaled.jpg 1920w\" sizes=\"auto, (max-width: 768px) 100vw, 768px\" \/><\/figure><div class=\"wp-block-media-text__content\">\n<div class=\"wp-block-group\"><div class=\"wp-block-group__inner-container is-layout-constrained wp-block-group-is-layout-constrained\">\n<blockquote class=\"wp-block-quote is-layout-flow wp-block-quote-is-layout-flow\">\n<p>Sapin de No\u00ebl<br>diam\u00e8tre : 90mm &#8211; hauteur : 220mm<br>en thuya<br>Prix : 10.00\u20ac &#8211; Disponible<\/p>\n<\/blockquote>\n<\/div><\/div>\n<\/div><\/div>\n\n\n\n<p><\/p>\n\n\n\n<div class=\"wp-block-media-text is-stacked-on-mobile\"><figure class=\"wp-block-media-text__media\"><img loading=\"lazy\" decoding=\"async\" width=\"768\" height=\"1024\" src=\"http:\/\/leboisdesfraux.fr\/wp-content\/uploads\/2024\/01\/20220925_193753-768x1024.jpg\" alt=\"\" class=\"wp-image-635 size-full\" srcset=\"https:\/\/leboisdesfraux.fr\/wp-content\/uploads\/2024\/01\/20220925_193753-768x1024.jpg 768w, https:\/\/leboisdesfraux.fr\/wp-content\/uploads\/2024\/01\/20220925_193753-225x300.jpg 225w, https:\/\/leboisdesfraux.fr\/wp-content\/uploads\/2024\/01\/20220925_193753-1152x1536.jpg 1152w, https:\/\/leboisdesfraux.fr\/wp-content\/uploads\/2024\/01\/20220925_193753-1536x2048.jpg 1536w, https:\/\/leboisdesfraux.fr\/wp-content\/uploads\/2024\/01\/20220925_193753-scaled.jpg 1920w\" sizes=\"auto, (max-width: 768px) 100vw, 768px\" \/><\/figure><div class=\"wp-block-media-text__content\">\n<div class=\"wp-block-group\"><div class=\"wp-block-group__inner-container is-layout-constrained wp-block-group-is-layout-constrained\">\n<blockquote class=\"wp-block-quote is-layout-flow wp-block-quote-is-layout-flow\">\n<p>Bouteille<br>diam\u00e8tre : 80mm &#8211; hauteur : 300mm<br>en padouk<br>Prix : 20.00\u20ac &#8211; Disponible<\/p>\n<\/blockquote>\n<\/div><\/div>\n<\/div><\/div>\n\n\n\n<p><\/p>\n\n\n\n<div class=\"wp-block-media-text is-stacked-on-mobile\"><figure class=\"wp-block-media-text__media\"><img loading=\"lazy\" decoding=\"async\" width=\"1024\" height=\"768\" src=\"https:\/\/leboisdesfraux.fr\/wp-content\/uploads\/2024\/01\/20231008_163152-1024x768.jpg\" alt=\"\" class=\"wp-image-527 size-full\" srcset=\"https:\/\/leboisdesfraux.fr\/wp-content\/uploads\/2024\/01\/20231008_163152-1024x768.jpg 1024w, https:\/\/leboisdesfraux.fr\/wp-content\/uploads\/2024\/01\/20231008_163152-300x225.jpg 300w, https:\/\/leboisdesfraux.fr\/wp-content\/uploads\/2024\/01\/20231008_163152-768x576.jpg 768w, https:\/\/leboisdesfraux.fr\/wp-content\/uploads\/2024\/01\/20231008_163152-1536x1152.jpg 1536w, https:\/\/leboisdesfraux.fr\/wp-content\/uploads\/2024\/01\/20231008_163152-2048x1536.jpg 2048w\" sizes=\"auto, (max-width: 1024px) 100vw, 1024px\" \/><\/figure><div class=\"wp-block-media-text__content\">\n<div class=\"wp-block-group\"><div class=\"wp-block-group__inner-container is-layout-constrained wp-block-group-is-layout-constrained\">\n<blockquote class=\"wp-block-quote is-layout-flow wp-block-quote-is-layout-flow\">\n<p>Ballon de Rugby sur son socle<br>diam\u00e8tre 140mm &#8211; longueur 280mm<br>en h\u00eatre (ballon) et fr\u00eane (socle)<br>Prix : 80.00\u20ac &#8211; Disponible<\/p>\n<\/blockquote>\n<\/div><\/div>\n<\/div><\/div>\n\n\n\n<p><\/p>\n\n\n\n<div class=\"wp-block-media-text is-stacked-on-mobile\"><figure class=\"wp-block-media-text__media\"><img loading=\"lazy\" decoding=\"async\" width=\"1024\" height=\"768\" src=\"https:\/\/leboisdesfraux.fr\/wp-content\/uploads\/2024\/01\/20230614_101244-1024x768.jpg\" alt=\"\" class=\"wp-image-537 size-full\" srcset=\"https:\/\/leboisdesfraux.fr\/wp-content\/uploads\/2024\/01\/20230614_101244-1024x768.jpg 1024w, https:\/\/leboisdesfraux.fr\/wp-content\/uploads\/2024\/01\/20230614_101244-300x225.jpg 300w, https:\/\/leboisdesfraux.fr\/wp-content\/uploads\/2024\/01\/20230614_101244-768x576.jpg 768w, https:\/\/leboisdesfraux.fr\/wp-content\/uploads\/2024\/01\/20230614_101244-1536x1152.jpg 1536w, https:\/\/leboisdesfraux.fr\/wp-content\/uploads\/2024\/01\/20230614_101244-2048x1536.jpg 2048w\" sizes=\"auto, (max-width: 1024px) 100vw, 1024px\" \/><\/figure><div class=\"wp-block-media-text__content\">\n<blockquote class=\"wp-block-quote is-layout-flow wp-block-quote-is-layout-flow\">\n<div class=\"wp-block-group\"><div class=\"wp-block-group__inner-container is-layout-constrained wp-block-group-is-layout-constrained\">\n<p>Porte Bougie<\/p>\n\n\n\n<p>diam\u00e8tre : 80mm &#8211; hauteur : 50mm<\/p>\n\n\n\n<p>en ch\u00eane<\/p>\n\n\n\n<p>Prix : 8.00\u20ac &#8211; Disponible<\/p>\n<\/div><\/div>\n<\/blockquote>\n<\/div><\/div>\n\n\n\n<div class=\"wp-block-media-text is-stacked-on-mobile\"><figure class=\"wp-block-media-text__media\"><img loading=\"lazy\" decoding=\"async\" width=\"576\" height=\"1024\" src=\"http:\/\/leboisdesfraux.fr\/wp-content\/uploads\/2024\/10\/20240807_094256-576x1024.jpg\" alt=\"\" class=\"wp-image-664 size-full\" srcset=\"https:\/\/leboisdesfraux.fr\/wp-content\/uploads\/2024\/10\/20240807_094256-576x1024.jpg 576w, https:\/\/leboisdesfraux.fr\/wp-content\/uploads\/2024\/10\/20240807_094256-169x300.jpg 169w, https:\/\/leboisdesfraux.fr\/wp-content\/uploads\/2024\/10\/20240807_094256-768x1365.jpg 768w, https:\/\/leboisdesfraux.fr\/wp-content\/uploads\/2024\/10\/20240807_094256-864x1536.jpg 864w, https:\/\/leboisdesfraux.fr\/wp-content\/uploads\/2024\/10\/20240807_094256-1152x2048.jpg 1152w, https:\/\/leboisdesfraux.fr\/wp-content\/uploads\/2024\/10\/20240807_094256-scaled.jpg 1440w\" sizes=\"auto, (max-width: 576px) 100vw, 576px\" \/><\/figure><div class=\"wp-block-media-text__content\">\n<blockquote class=\"wp-block-quote is-layout-flow wp-block-quote-is-layout-flow\">\n<div class=\"wp-block-group\"><div class=\"wp-block-group__inner-container is-layout-constrained wp-block-group-is-layout-constrained\">\n<p>Porte Cl\u00e9s personnalisable<\/p>\n\n\n\n<p>diam\u00e8tre : 30-60mm &#8211; \u00e9paisseur : 5mm<\/p>\n\n\n\n<p>en buis<\/p>\n\n\n\n<p>Prix : 3.00\u20ac &#8211; Disponible<\/p>\n<\/div><\/div>\n<\/blockquote>\n<\/div><\/div>\n\n\n\n<div class=\"wp-block-media-text is-stacked-on-mobile\"><figure class=\"wp-block-media-text__media\"><img loading=\"lazy\" decoding=\"async\" width=\"1024\" height=\"576\" src=\"http:\/\/leboisdesfraux.fr\/wp-content\/uploads\/2024\/10\/20241008_140758-1024x576.jpg\" alt=\"\" class=\"wp-image-674 size-full\" srcset=\"https:\/\/leboisdesfraux.fr\/wp-content\/uploads\/2024\/10\/20241008_140758-1024x576.jpg 1024w, https:\/\/leboisdesfraux.fr\/wp-content\/uploads\/2024\/10\/20241008_140758-300x169.jpg 300w, https:\/\/leboisdesfraux.fr\/wp-content\/uploads\/2024\/10\/20241008_140758-768x432.jpg 768w, https:\/\/leboisdesfraux.fr\/wp-content\/uploads\/2024\/10\/20241008_140758-1536x864.jpg 1536w, https:\/\/leboisdesfraux.fr\/wp-content\/uploads\/2024\/10\/20241008_140758-2048x1152.jpg 2048w\" sizes=\"auto, (max-width: 1024px) 100vw, 1024px\" \/><\/figure><div class=\"wp-block-media-text__content\">\n<blockquote class=\"wp-block-quote is-layout-flow wp-block-quote-is-layout-flow\">\n<div class=\"wp-block-group\"><div class=\"wp-block-group__inner-container is-layout-constrained wp-block-group-is-layout-constrained\">\n<p>Champignon<\/p>\n\n\n\n<p>diam\u00e8tre : 100mm &#8211; hauteur : 130mm<\/p>\n\n\n\n<p>en cypr\u00e8s<\/p>\n\n\n\n<p>Prix : 10.00\u20ac &#8211; Disponible<\/p>\n<\/div><\/div>\n<\/blockquote>\n<\/div><\/div>\n\n\n\n<div class=\"wp-block-media-text is-stacked-on-mobile\"><figure class=\"wp-block-media-text__media\"><img loading=\"lazy\" decoding=\"async\" width=\"576\" height=\"1024\" src=\"http:\/\/leboisdesfraux.fr\/wp-content\/uploads\/2024\/10\/20241008_141507-576x1024.jpg\" alt=\"\" class=\"wp-image-671 size-full\" srcset=\"https:\/\/leboisdesfraux.fr\/wp-content\/uploads\/2024\/10\/20241008_141507-576x1024.jpg 576w, https:\/\/leboisdesfraux.fr\/wp-content\/uploads\/2024\/10\/20241008_141507-169x300.jpg 169w, https:\/\/leboisdesfraux.fr\/wp-content\/uploads\/2024\/10\/20241008_141507-768x1365.jpg 768w, https:\/\/leboisdesfraux.fr\/wp-content\/uploads\/2024\/10\/20241008_141507-864x1536.jpg 864w, https:\/\/leboisdesfraux.fr\/wp-content\/uploads\/2024\/10\/20241008_141507-1152x2048.jpg 1152w, https:\/\/leboisdesfraux.fr\/wp-content\/uploads\/2024\/10\/20241008_141507-scaled.jpg 1440w\" sizes=\"auto, (max-width: 576px) 100vw, 576px\" \/><\/figure><div class=\"wp-block-media-text__content\">\n<blockquote class=\"wp-block-quote is-layout-flow wp-block-quote-is-layout-flow\">\n<div class=\"wp-block-group\"><div class=\"wp-block-group__inner-container is-layout-constrained wp-block-group-is-layout-constrained\">\n<p>P\u00e8re No\u00ebl<\/p>\n\n\n\n<p>diam\u00e8tre : 80mm &#8211; hauteur : 180mm<\/p>\n\n\n\n<p>en cerisier<\/p>\n\n\n\n<p>Prix : 12.00\u20ac &#8211; Disponible<\/p>\n<\/div><\/div>\n<\/blockquote>\n<\/div><\/div>\n\n\n\n<div class=\"wp-block-media-text is-stacked-on-mobile\"><figure class=\"wp-block-media-text__media\"><img loading=\"lazy\" decoding=\"async\" width=\"576\" height=\"1024\" src=\"http:\/\/leboisdesfraux.fr\/wp-content\/uploads\/2024\/11\/20241027_103237-576x1024.jpg\" alt=\"\" class=\"wp-image-677 size-full\" srcset=\"https:\/\/leboisdesfraux.fr\/wp-content\/uploads\/2024\/11\/20241027_103237-576x1024.jpg 576w, https:\/\/leboisdesfraux.fr\/wp-content\/uploads\/2024\/11\/20241027_103237-169x300.jpg 169w, https:\/\/leboisdesfraux.fr\/wp-content\/uploads\/2024\/11\/20241027_103237-768x1365.jpg 768w, https:\/\/leboisdesfraux.fr\/wp-content\/uploads\/2024\/11\/20241027_103237-864x1536.jpg 864w, https:\/\/leboisdesfraux.fr\/wp-content\/uploads\/2024\/11\/20241027_103237-1152x2048.jpg 1152w, https:\/\/leboisdesfraux.fr\/wp-content\/uploads\/2024\/11\/20241027_103237-scaled.jpg 1440w\" sizes=\"auto, (max-width: 576px) 100vw, 576px\" \/><\/figure><div class=\"wp-block-media-text__content\">\n<blockquote class=\"wp-block-quote is-layout-flow wp-block-quote-is-layout-flow\">\n<div class=\"wp-block-group\"><div class=\"wp-block-group__inner-container is-layout-constrained wp-block-group-is-layout-constrained\">\n<p>Pendule<\/p>\n\n\n\n<p>diam\u00e8tre : 270mm &#8211; \u00e9paisseur : 10mm<\/p>\n\n\n\n<p>en noyer<\/p>\n\n\n\n<p>Prix : 30.00\u20ac &#8211; Disponible<\/p>\n<\/div><\/div>\n<\/blockquote>\n<\/div><\/div>\n\n\n\n<div class=\"wp-block-media-text is-stacked-on-mobile\"><figure class=\"wp-block-media-text__media\"><img loading=\"lazy\" decoding=\"async\" width=\"768\" height=\"1024\" src=\"http:\/\/leboisdesfraux.fr\/wp-content\/uploads\/2025\/02\/20241228_184853-768x1024.jpg\" alt=\"\" class=\"wp-image-697 size-full\" srcset=\"https:\/\/leboisdesfraux.fr\/wp-content\/uploads\/2025\/02\/20241228_184853-768x1024.jpg 768w, https:\/\/leboisdesfraux.fr\/wp-content\/uploads\/2025\/02\/20241228_184853-225x300.jpg 225w, https:\/\/leboisdesfraux.fr\/wp-content\/uploads\/2025\/02\/20241228_184853-1152x1536.jpg 1152w, https:\/\/leboisdesfraux.fr\/wp-content\/uploads\/2025\/02\/20241228_184853-1536x2048.jpg 1536w, https:\/\/leboisdesfraux.fr\/wp-content\/uploads\/2025\/02\/20241228_184853-scaled.jpg 1920w\" sizes=\"auto, (max-width: 768px) 100vw, 768px\" \/><\/figure><div class=\"wp-block-media-text__content\">\n<blockquote class=\"wp-block-quote is-layout-flow wp-block-quote-is-layout-flow\">\n<div class=\"wp-block-group\"><div class=\"wp-block-group__inner-container is-layout-constrained wp-block-group-is-layout-constrained\">\n<p>Oiseau<\/p>\n\n\n\n<p>longueur : 180mm &#8211; hauteur : 130mm<\/p>\n\n\n\n<p>en cypr\u00e8s<\/p>\n\n\n\n<p>Prix : 9.00\u20ac &#8211; Disponible<\/p>\n<\/div><\/div>\n<\/blockquote>\n<\/div><\/div>\n\n\n\n<div class=\"wp-block-media-text is-stacked-on-mobile\"><figure class=\"wp-block-media-text__media\"><img loading=\"lazy\" decoding=\"async\" width=\"473\" height=\"1024\" src=\"http:\/\/leboisdesfraux.fr\/wp-content\/uploads\/2025\/03\/20250203_081357-473x1024.jpg\" alt=\"\" class=\"wp-image-709 size-full\" srcset=\"https:\/\/leboisdesfraux.fr\/wp-content\/uploads\/2025\/03\/20250203_081357-473x1024.jpg 473w, https:\/\/leboisdesfraux.fr\/wp-content\/uploads\/2025\/03\/20250203_081357-139x300.jpg 139w, https:\/\/leboisdesfraux.fr\/wp-content\/uploads\/2025\/03\/20250203_081357-768x1663.jpg 768w, https:\/\/leboisdesfraux.fr\/wp-content\/uploads\/2025\/03\/20250203_081357-709x1536.jpg 709w, https:\/\/leboisdesfraux.fr\/wp-content\/uploads\/2025\/03\/20250203_081357-946x2048.jpg 946w, https:\/\/leboisdesfraux.fr\/wp-content\/uploads\/2025\/03\/20250203_081357-scaled.jpg 1182w\" sizes=\"auto, (max-width: 473px) 100vw, 473px\" \/><\/figure><div class=\"wp-block-media-text__content\">\n<blockquote class=\"wp-block-quote is-layout-flow wp-block-quote-is-layout-flow\">\n<div class=\"wp-block-group\"><div class=\"wp-block-group__inner-container is-layout-constrained wp-block-group-is-layout-constrained\">\n<p>Arbre en vitrail<\/p>\n\n\n\n<p>longueur : 230mm &#8211; largeur : 90mm &#8211; hauteur : 340mm<\/p>\n\n\n\n<p>tronc en noyer<\/p>\n\n\n\n<p>Prix : 50.00\u20ac &#8211; <strong>Vendu<\/strong><\/p>\n<\/div><\/div>\n<\/blockquote>\n<\/div><\/div>\n\n\n\n<div class=\"wp-block-media-text is-stacked-on-mobile\"><figure class=\"wp-block-media-text__media\"><img loading=\"lazy\" decoding=\"async\" width=\"576\" height=\"1024\" src=\"http:\/\/leboisdesfraux.fr\/wp-content\/uploads\/2025\/03\/20250325_171932-576x1024.jpg\" alt=\"\" class=\"wp-image-713 size-full\" srcset=\"https:\/\/leboisdesfraux.fr\/wp-content\/uploads\/2025\/03\/20250325_171932-576x1024.jpg 576w, https:\/\/leboisdesfraux.fr\/wp-content\/uploads\/2025\/03\/20250325_171932-169x300.jpg 169w, https:\/\/leboisdesfraux.fr\/wp-content\/uploads\/2025\/03\/20250325_171932-768x1365.jpg 768w, https:\/\/leboisdesfraux.fr\/wp-content\/uploads\/2025\/03\/20250325_171932-864x1536.jpg 864w, https:\/\/leboisdesfraux.fr\/wp-content\/uploads\/2025\/03\/20250325_171932-1152x2048.jpg 1152w, https:\/\/leboisdesfraux.fr\/wp-content\/uploads\/2025\/03\/20250325_171932-scaled.jpg 1440w\" sizes=\"auto, (max-width: 576px) 100vw, 576px\" \/><\/figure><div class=\"wp-block-media-text__content\">\n<blockquote class=\"wp-block-quote is-layout-flow wp-block-quote-is-layout-flow\">\n<div class=\"wp-block-group\"><div class=\"wp-block-group__inner-container is-layout-constrained wp-block-group-is-layout-constrained\">\n<p>Arc en ciel en vitrail<\/p>\n\n\n\n<p>longueur : 210mm &#8211; largeur : 120mm &#8211; hauteur : 380mm<\/p>\n\n\n\n<p>support en noyer<\/p>\n\n\n\n<p>Prix : 50.00\u20ac &#8211; <strong>Vendu<\/strong><\/p>\n<\/div><\/div>\n<\/blockquote>\n<\/div><\/div>\n\n\n\n<div class=\"wp-block-media-text is-stacked-on-mobile\"><figure class=\"wp-block-media-text__media\"><img loading=\"lazy\" decoding=\"async\" width=\"576\" height=\"1024\" src=\"http:\/\/leboisdesfraux.fr\/wp-content\/uploads\/2025\/06\/20250517_193808-576x1024.jpg\" alt=\"\" class=\"wp-image-725 size-full\" srcset=\"https:\/\/leboisdesfraux.fr\/wp-content\/uploads\/2025\/06\/20250517_193808-576x1024.jpg 576w, https:\/\/leboisdesfraux.fr\/wp-content\/uploads\/2025\/06\/20250517_193808-169x300.jpg 169w, https:\/\/leboisdesfraux.fr\/wp-content\/uploads\/2025\/06\/20250517_193808-768x1365.jpg 768w, https:\/\/leboisdesfraux.fr\/wp-content\/uploads\/2025\/06\/20250517_193808-864x1536.jpg 864w, https:\/\/leboisdesfraux.fr\/wp-content\/uploads\/2025\/06\/20250517_193808-1152x2048.jpg 1152w, https:\/\/leboisdesfraux.fr\/wp-content\/uploads\/2025\/06\/20250517_193808-scaled.jpg 1440w\" sizes=\"auto, (max-width: 576px) 100vw, 576px\" \/><\/figure><div class=\"wp-block-media-text__content\">\n<blockquote class=\"wp-block-quote is-layout-flow wp-block-quote-is-layout-flow\">\n<div class=\"wp-block-group\"><div class=\"wp-block-group__inner-container is-layout-constrained wp-block-group-is-layout-constrained\">\n<p>Feu de chemin\u00e9e en vitrail<\/p>\n\n\n\n<p>longueur : 270mm &#8211; largeur : 90mm &#8211; hauteur : 320mm<\/p>\n\n\n\n<p>support en pommier<\/p>\n\n\n\n<p>Prix : 40.00\u20ac &#8211; <strong>Vendu<\/strong><\/p>\n<\/div><\/div>\n<\/blockquote>\n<\/div><\/div>\n\n\n\n<div class=\"wp-block-media-text is-stacked-on-mobile\"><figure class=\"wp-block-media-text__media\"><img loading=\"lazy\" decoding=\"async\" width=\"576\" height=\"1024\" src=\"http:\/\/leboisdesfraux.fr\/wp-content\/uploads\/2025\/06\/20250611_134446-576x1024.jpg\" alt=\"\" class=\"wp-image-729 size-full\" srcset=\"https:\/\/leboisdesfraux.fr\/wp-content\/uploads\/2025\/06\/20250611_134446-576x1024.jpg 576w, https:\/\/leboisdesfraux.fr\/wp-content\/uploads\/2025\/06\/20250611_134446-169x300.jpg 169w, https:\/\/leboisdesfraux.fr\/wp-content\/uploads\/2025\/06\/20250611_134446-768x1365.jpg 768w, https:\/\/leboisdesfraux.fr\/wp-content\/uploads\/2025\/06\/20250611_134446-864x1536.jpg 864w, https:\/\/leboisdesfraux.fr\/wp-content\/uploads\/2025\/06\/20250611_134446-1152x2048.jpg 1152w, https:\/\/leboisdesfraux.fr\/wp-content\/uploads\/2025\/06\/20250611_134446-scaled.jpg 1440w\" sizes=\"auto, (max-width: 576px) 100vw, 576px\" \/><\/figure><div class=\"wp-block-media-text__content\">\n<blockquote class=\"wp-block-quote is-layout-flow wp-block-quote-is-layout-flow\">\n<div class=\"wp-block-group\"><div class=\"wp-block-group__inner-container is-layout-constrained wp-block-group-is-layout-constrained\">\n<p>Vol de colombes en vitrail<\/p>\n\n\n\n<p>longueur : 240mm &#8211; largeur : 100mm &#8211; hauteur : 270mm<\/p>\n\n\n\n<p>support en pommier<\/p>\n\n\n\n<p>Prix : 60.00\u20ac &#8211; <strong>Vendu<\/strong><\/p>\n<\/div><\/div>\n<\/blockquote>\n<\/div><\/div>\n\n\n\n<div class=\"wp-block-media-text is-stacked-on-mobile\"><figure class=\"wp-block-media-text__media\"><img loading=\"lazy\" decoding=\"async\" width=\"576\" height=\"1024\" src=\"http:\/\/leboisdesfraux.fr\/wp-content\/uploads\/2025\/07\/20250625_102239-576x1024.jpg\" alt=\"\" class=\"wp-image-742 size-full\" srcset=\"https:\/\/leboisdesfraux.fr\/wp-content\/uploads\/2025\/07\/20250625_102239-576x1024.jpg 576w, https:\/\/leboisdesfraux.fr\/wp-content\/uploads\/2025\/07\/20250625_102239-169x300.jpg 169w, https:\/\/leboisdesfraux.fr\/wp-content\/uploads\/2025\/07\/20250625_102239-768x1365.jpg 768w, https:\/\/leboisdesfraux.fr\/wp-content\/uploads\/2025\/07\/20250625_102239-864x1536.jpg 864w, https:\/\/leboisdesfraux.fr\/wp-content\/uploads\/2025\/07\/20250625_102239-1152x2048.jpg 1152w, https:\/\/leboisdesfraux.fr\/wp-content\/uploads\/2025\/07\/20250625_102239-scaled.jpg 1440w\" sizes=\"auto, (max-width: 576px) 100vw, 576px\" \/><\/figure><div class=\"wp-block-media-text__content\">\n<blockquote class=\"wp-block-quote is-layout-flow wp-block-quote-is-layout-flow\">\n<div class=\"wp-block-group\"><div class=\"wp-block-group__inner-container is-layout-constrained wp-block-group-is-layout-constrained\">\n<p>Poisson en vitrail<\/p>\n\n\n\n<p>longueur : 210mm &#8211; largeur : 120mm &#8211; hauteur : 380mm<\/p>\n\n\n\n<p>support en merisier<\/p>\n\n\n\n<p>Prix : 45.00\u20ac &#8211; Disponible<\/p>\n<\/div><\/div>\n<\/blockquote>\n<\/div><\/div>\n\n\n\n<div class=\"wp-block-media-text is-stacked-on-mobile\"><figure class=\"wp-block-media-text__media\"><img loading=\"lazy\" decoding=\"async\" width=\"576\" height=\"1024\" src=\"http:\/\/leboisdesfraux.fr\/wp-content\/uploads\/2025\/09\/20250630_082418-576x1024.jpg\" alt=\"\" class=\"wp-image-764 size-full\" srcset=\"https:\/\/leboisdesfraux.fr\/wp-content\/uploads\/2025\/09\/20250630_082418-576x1024.jpg 576w, https:\/\/leboisdesfraux.fr\/wp-content\/uploads\/2025\/09\/20250630_082418-169x300.jpg 169w, https:\/\/leboisdesfraux.fr\/wp-content\/uploads\/2025\/09\/20250630_082418-768x1365.jpg 768w, https:\/\/leboisdesfraux.fr\/wp-content\/uploads\/2025\/09\/20250630_082418-864x1536.jpg 864w, https:\/\/leboisdesfraux.fr\/wp-content\/uploads\/2025\/09\/20250630_082418-1152x2048.jpg 1152w, https:\/\/leboisdesfraux.fr\/wp-content\/uploads\/2025\/09\/20250630_082418-scaled.jpg 1440w\" sizes=\"auto, (max-width: 576px) 100vw, 576px\" \/><\/figure><div class=\"wp-block-media-text__content\">\n<blockquote class=\"wp-block-quote is-layout-flow wp-block-quote-is-layout-flow\">\n<div class=\"wp-block-group\"><div class=\"wp-block-group__inner-container is-layout-constrained wp-block-group-is-layout-constrained\">\n<p>Montagne en vitrail avec r\u00e9tro-\u00e9clairage autonome rechargeable<\/p>\n\n\n\n<p>longueur : 210mm &#8211; largeur : 70mm &#8211; hauteur : 120mm<\/p>\n\n\n\n<p>support en noyer<\/p>\n\n\n\n<p>Prix : 40.00\u20ac &#8211; Disponible<\/p>\n<\/div><\/div>\n<\/blockquote>\n<\/div><\/div>\n","protected":false},"excerpt":{"rendered":"","protected":false},"author":1,"featured_media":0,"parent":101,"menu_order":0,"comment_status":"closed","ping_status":"closed","template":"","meta":{"neve_meta_sidebar":"","neve_meta_container":"","neve_meta_enable_content_width":"","neve_meta_content_width":0,"neve_meta_title_alignment":"","neve_meta_author_avatar":"","neve_post_elements_order":"","neve_meta_disable_header":"","neve_meta_disable_footer":"","neve_meta_disable_title":"","footnotes":""},"class_list":["post-523","page","type-page","status-publish","hentry"],"_links":{"self":[{"href":"https:\/\/leboisdesfraux.fr\/index.php\/wp-json\/wp\/v2\/pages\/523","targetHints":{"allow":["GET"]}}],"collection":[{"href":"https:\/\/leboisdesfraux.fr\/index.php\/wp-json\/wp\/v2\/pages"}],"about":[{"href":"https:\/\/leboisdesfraux.fr\/index.php\/wp-json\/wp\/v2\/types\/page"}],"author":[{"embeddable":true,"href":"https:\/\/leboisdesfraux.fr\/index.php\/wp-json\/wp\/v2\/users\/1"}],"replies":[{"embeddable":true,"href":"https:\/\/leboisdesfraux.fr\/index.php\/wp-json\/wp\/v2\/comments?post=523"}],"version-history":[{"count":40,"href":"https:\/\/leboisdesfraux.fr\/index.php\/wp-json\/wp\/v2\/pages\/523\/revisions"}],"predecessor-version":[{"id":770,"href":"https:\/\/leboisdesfraux.fr\/index.php\/wp-json\/wp\/v2\/pages\/523\/revisions\/770"}],"up":[{"embeddable":true,"href":"https:\/\/leboisdesfraux.fr\/index.php\/wp-json\/wp\/v2\/pages\/101"}],"wp:attachment":[{"href":"https:\/\/leboisdesfraux.fr\/index.php\/wp-json\/wp\/v2\/media?parent=523"}],"curies":[{"name":"wp","href":"https:\/\/api.w.org\/{rel}","templated":true}]}}