{"id":48,"date":"2023-01-17T07:31:50","date_gmt":"2023-01-17T07:31:50","guid":{"rendered":"https:\/\/leboisdesfraux.fr\/?page_id=48"},"modified":"2026-03-05T19:42:40","modified_gmt":"2026-03-05T19:42:40","slug":"3-2-mes-creations-bols","status":"publish","type":"page","link":"https:\/\/leboisdesfraux.fr\/index.php\/page-de-garde\/3-mes-creations\/3-2-mes-creations-bols\/","title":{"rendered":"3.2- Bols &#8211; Coupelles"},"content":{"rendered":"\n<div class=\"wp-block-columns is-layout-flex wp-container-core-columns-is-layout-9d6595d7 wp-block-columns-is-layout-flex\">\n<div class=\"wp-block-column is-layout-flow wp-block-column-is-layout-flow\" style=\"flex-basis:33.33%\">\n<p><\/p>\n<\/div>\n<\/div>\n\n\n\n<div class=\"wp-block-media-text is-stacked-on-mobile\"><figure class=\"wp-block-media-text__media\"><img loading=\"lazy\" decoding=\"async\" width=\"768\" height=\"1024\" src=\"http:\/\/leboisdesfraux.fr\/wp-content\/uploads\/2024\/01\/20230219_201936-768x1024.jpg\" alt=\"\" class=\"wp-image-637 size-full\" srcset=\"https:\/\/leboisdesfraux.fr\/wp-content\/uploads\/2024\/01\/20230219_201936-768x1024.jpg 768w, https:\/\/leboisdesfraux.fr\/wp-content\/uploads\/2024\/01\/20230219_201936-225x300.jpg 225w, https:\/\/leboisdesfraux.fr\/wp-content\/uploads\/2024\/01\/20230219_201936-1152x1536.jpg 1152w, https:\/\/leboisdesfraux.fr\/wp-content\/uploads\/2024\/01\/20230219_201936-1536x2048.jpg 1536w, https:\/\/leboisdesfraux.fr\/wp-content\/uploads\/2024\/01\/20230219_201936-scaled.jpg 1920w\" sizes=\"auto, (max-width: 768px) 100vw, 768px\" \/><\/figure><div class=\"wp-block-media-text__content\">\n<p>Coupe calice<br>diam\u00e8tre : 100mm &#8211; hauteur : 250mm<br>en noyer<br>Prix : 35.00\u20ac &#8211; Disponible<\/p>\n<\/div><\/div>\n\n\n\n<p><\/p>\n\n\n\n<div class=\"wp-block-media-text is-stacked-on-mobile\"><figure class=\"wp-block-media-text__media\"><img loading=\"lazy\" decoding=\"async\" width=\"768\" height=\"1024\" src=\"https:\/\/leboisdesfraux.fr\/wp-content\/uploads\/2024\/01\/20230817_184913-768x1024.jpg\" alt=\"\" class=\"wp-image-565 size-full\" srcset=\"https:\/\/leboisdesfraux.fr\/wp-content\/uploads\/2024\/01\/20230817_184913-768x1024.jpg 768w, https:\/\/leboisdesfraux.fr\/wp-content\/uploads\/2024\/01\/20230817_184913-225x300.jpg 225w, https:\/\/leboisdesfraux.fr\/wp-content\/uploads\/2024\/01\/20230817_184913-1152x1536.jpg 1152w, https:\/\/leboisdesfraux.fr\/wp-content\/uploads\/2024\/01\/20230817_184913-1536x2048.jpg 1536w, https:\/\/leboisdesfraux.fr\/wp-content\/uploads\/2024\/01\/20230817_184913-scaled.jpg 1920w\" sizes=\"auto, (max-width: 768px) 100vw, 768px\" \/><\/figure><div class=\"wp-block-media-text__content\">\n<p>Coupelle<br>diam\u00e8tre : 150mm &#8211; hauteur : 120mm<br>en fr\u00eane nacr\u00e9<br>Prix : 25.00\u20ac &#8211; Disponible<\/p>\n<\/div><\/div>\n\n\n\n<p><\/p>\n\n\n\n<div class=\"wp-block-media-text is-stacked-on-mobile\"><figure class=\"wp-block-media-text__media\"><img loading=\"lazy\" decoding=\"async\" width=\"768\" height=\"1024\" src=\"http:\/\/leboisdesfraux.fr\/wp-content\/uploads\/2024\/01\/20230919_113851-768x1024.jpg\" alt=\"\" class=\"wp-image-640 size-full\" srcset=\"https:\/\/leboisdesfraux.fr\/wp-content\/uploads\/2024\/01\/20230919_113851-768x1024.jpg 768w, https:\/\/leboisdesfraux.fr\/wp-content\/uploads\/2024\/01\/20230919_113851-225x300.jpg 225w, https:\/\/leboisdesfraux.fr\/wp-content\/uploads\/2024\/01\/20230919_113851-1152x1536.jpg 1152w, https:\/\/leboisdesfraux.fr\/wp-content\/uploads\/2024\/01\/20230919_113851-1536x2048.jpg 1536w, https:\/\/leboisdesfraux.fr\/wp-content\/uploads\/2024\/01\/20230919_113851-scaled.jpg 1920w\" sizes=\"auto, (max-width: 768px) 100vw, 768px\" \/><\/figure><div class=\"wp-block-media-text__content\">\n<p>Coupelle<br>diam\u00e8tre : 150mm &#8211; hauteur : 100mm<br>en fr\u00eane avec noeuds<br>Prix : 15.00\u20ac &#8211; <strong>Vendu<\/strong><\/p>\n<\/div><\/div>\n\n\n\n<p><\/p>\n\n\n\n<div class=\"wp-block-media-text is-stacked-on-mobile\"><figure class=\"wp-block-media-text__media\"><img loading=\"lazy\" decoding=\"async\" width=\"1024\" height=\"781\" src=\"http:\/\/leboisdesfraux.fr\/wp-content\/uploads\/2024\/01\/IMG_20231213_100449_910-1024x781.jpg\" alt=\"\" class=\"wp-image-570 size-full\" srcset=\"https:\/\/leboisdesfraux.fr\/wp-content\/uploads\/2024\/01\/IMG_20231213_100449_910-1024x781.jpg 1024w, https:\/\/leboisdesfraux.fr\/wp-content\/uploads\/2024\/01\/IMG_20231213_100449_910-300x229.jpg 300w, https:\/\/leboisdesfraux.fr\/wp-content\/uploads\/2024\/01\/IMG_20231213_100449_910-768x585.jpg 768w, https:\/\/leboisdesfraux.fr\/wp-content\/uploads\/2024\/01\/IMG_20231213_100449_910-1536x1171.jpg 1536w, https:\/\/leboisdesfraux.fr\/wp-content\/uploads\/2024\/01\/IMG_20231213_100449_910-2048x1561.jpg 2048w\" sizes=\"auto, (max-width: 1024px) 100vw, 1024px\" \/><\/figure><div class=\"wp-block-media-text__content\">\n<p>Coupelle<br>diam\u00e8tre : 180mm &#8211; hauteur : 60mm<br>en ch\u00eane<br>Prix : 20.00\u20ac &#8211; Disponible<\/p>\n<\/div><\/div>\n\n\n\n<p><\/p>\n\n\n\n<div class=\"wp-block-media-text is-stacked-on-mobile\"><figure class=\"wp-block-media-text__media\"><img loading=\"lazy\" decoding=\"async\" width=\"576\" height=\"1024\" src=\"http:\/\/leboisdesfraux.fr\/wp-content\/uploads\/2024\/01\/20231204_184019-576x1024.jpg\" alt=\"\" class=\"wp-image-573 size-full\" srcset=\"https:\/\/leboisdesfraux.fr\/wp-content\/uploads\/2024\/01\/20231204_184019-576x1024.jpg 576w, https:\/\/leboisdesfraux.fr\/wp-content\/uploads\/2024\/01\/20231204_184019-169x300.jpg 169w, https:\/\/leboisdesfraux.fr\/wp-content\/uploads\/2024\/01\/20231204_184019-768x1365.jpg 768w, https:\/\/leboisdesfraux.fr\/wp-content\/uploads\/2024\/01\/20231204_184019-864x1536.jpg 864w, https:\/\/leboisdesfraux.fr\/wp-content\/uploads\/2024\/01\/20231204_184019-1152x2048.jpg 1152w, https:\/\/leboisdesfraux.fr\/wp-content\/uploads\/2024\/01\/20231204_184019-scaled.jpg 1440w\" sizes=\"auto, (max-width: 576px) 100vw, 576px\" \/><\/figure><div class=\"wp-block-media-text__content\">\n<p>Coupelle<br>diam\u00e8tre : 190mm &#8211; hauteur : 85mm<br>en marronnier avec inclusion d&rsquo;une feuille d&rsquo;\u00e9rable du Japon<br>Prix : 35.00\u20ac &#8211; <strong>Vendu<\/strong><\/p>\n<\/div><\/div>\n\n\n\n<div class=\"wp-block-media-text is-stacked-on-mobile\"><figure class=\"wp-block-media-text__media\"><img loading=\"lazy\" decoding=\"async\" width=\"1024\" height=\"576\" src=\"http:\/\/leboisdesfraux.fr\/wp-content\/uploads\/2024\/10\/20240902_170134-1024x576.jpg\" alt=\"\" class=\"wp-image-668 size-full\" srcset=\"https:\/\/leboisdesfraux.fr\/wp-content\/uploads\/2024\/10\/20240902_170134-1024x576.jpg 1024w, https:\/\/leboisdesfraux.fr\/wp-content\/uploads\/2024\/10\/20240902_170134-300x169.jpg 300w, https:\/\/leboisdesfraux.fr\/wp-content\/uploads\/2024\/10\/20240902_170134-768x432.jpg 768w, https:\/\/leboisdesfraux.fr\/wp-content\/uploads\/2024\/10\/20240902_170134-1536x864.jpg 1536w, https:\/\/leboisdesfraux.fr\/wp-content\/uploads\/2024\/10\/20240902_170134-2048x1152.jpg 2048w\" sizes=\"auto, (max-width: 1024px) 100vw, 1024px\" \/><\/figure><div class=\"wp-block-media-text__content\">\n<p>Coupe<br>diam\u00e8tre : 200mm &#8211; hauteur : 80mm<br>en pommier<br>Prix : 25.00\u20ac &#8211; Disponible<\/p>\n<\/div><\/div>\n\n\n\n<div class=\"wp-block-media-text is-stacked-on-mobile\"><figure class=\"wp-block-media-text__media\"><img loading=\"lazy\" decoding=\"async\" width=\"1024\" height=\"768\" src=\"http:\/\/leboisdesfraux.fr\/wp-content\/uploads\/2025\/02\/20250121_190236-1024x768.jpg\" alt=\"\" class=\"wp-image-694 size-full\" srcset=\"https:\/\/leboisdesfraux.fr\/wp-content\/uploads\/2025\/02\/20250121_190236-1024x768.jpg 1024w, https:\/\/leboisdesfraux.fr\/wp-content\/uploads\/2025\/02\/20250121_190236-300x225.jpg 300w, https:\/\/leboisdesfraux.fr\/wp-content\/uploads\/2025\/02\/20250121_190236-768x576.jpg 768w, https:\/\/leboisdesfraux.fr\/wp-content\/uploads\/2025\/02\/20250121_190236-1536x1152.jpg 1536w, https:\/\/leboisdesfraux.fr\/wp-content\/uploads\/2025\/02\/20250121_190236-2048x1536.jpg 2048w\" sizes=\"auto, (max-width: 1024px) 100vw, 1024px\" \/><\/figure><div class=\"wp-block-media-text__content\">\n<p>Coupe<br>diam\u00e8tre : 170mm &#8211; hauteur : 80mm<br>en fr\u00eane<br>Prix : 25.00\u20ac &#8211; Disponible<\/p>\n<\/div><\/div>\n\n\n\n<div class=\"wp-block-media-text is-stacked-on-mobile\"><figure class=\"wp-block-media-text__media\"><img loading=\"lazy\" decoding=\"async\" width=\"768\" height=\"1024\" src=\"http:\/\/leboisdesfraux.fr\/wp-content\/uploads\/2025\/02\/20250101_182305-768x1024.jpg\" alt=\"\" class=\"wp-image-693 size-full\" srcset=\"https:\/\/leboisdesfraux.fr\/wp-content\/uploads\/2025\/02\/20250101_182305-768x1024.jpg 768w, https:\/\/leboisdesfraux.fr\/wp-content\/uploads\/2025\/02\/20250101_182305-225x300.jpg 225w, https:\/\/leboisdesfraux.fr\/wp-content\/uploads\/2025\/02\/20250101_182305-1152x1536.jpg 1152w, https:\/\/leboisdesfraux.fr\/wp-content\/uploads\/2025\/02\/20250101_182305-1536x2048.jpg 1536w, https:\/\/leboisdesfraux.fr\/wp-content\/uploads\/2025\/02\/20250101_182305-scaled.jpg 1920w\" sizes=\"auto, (max-width: 768px) 100vw, 768px\" \/><\/figure><div class=\"wp-block-media-text__content\">\n<p>Coupe \u00e0 fruits<br>diam\u00e8tre : 260mm &#8211; hauteur : 80mm<br>en cerisier<br>Prix : 50.00\u20ac &#8211; Disponible<\/p>\n<\/div><\/div>\n\n\n\n<div class=\"wp-block-media-text is-stacked-on-mobile\"><figure class=\"wp-block-media-text__media\"><img loading=\"lazy\" decoding=\"async\" width=\"1024\" height=\"576\" src=\"http:\/\/leboisdesfraux.fr\/wp-content\/uploads\/2025\/06\/20250430_075742-1024x576.jpg\" alt=\"\" class=\"wp-image-733 size-full\" srcset=\"https:\/\/leboisdesfraux.fr\/wp-content\/uploads\/2025\/06\/20250430_075742-1024x576.jpg 1024w, https:\/\/leboisdesfraux.fr\/wp-content\/uploads\/2025\/06\/20250430_075742-300x169.jpg 300w, https:\/\/leboisdesfraux.fr\/wp-content\/uploads\/2025\/06\/20250430_075742-768x432.jpg 768w, https:\/\/leboisdesfraux.fr\/wp-content\/uploads\/2025\/06\/20250430_075742-1536x864.jpg 1536w, https:\/\/leboisdesfraux.fr\/wp-content\/uploads\/2025\/06\/20250430_075742-2048x1152.jpg 2048w\" sizes=\"auto, (max-width: 1024px) 100vw, 1024px\" \/><\/figure><div class=\"wp-block-media-text__content\">\n<p>Coquetier<br>diam\u00e8tre : 50mm &#8211; hauteur : 60mm<br>en ch\u00eane \/ cypr\u00e8s \/ olivier<br>Prix : 8.00\u20ac &#8211; Disponible<\/p>\n<\/div><\/div>\n","protected":false},"excerpt":{"rendered":"<p>Coupe calicediam\u00e8tre : 100mm &#8211; hauteur : 250mmen noyerPrix : 35.00\u20ac &#8211; Disponible Coupellediam\u00e8tre : 150mm &#8211; hauteur : 120mmen fr\u00eane nacr\u00e9Prix : 25.00\u20ac &#8211; Disponible Coupellediam\u00e8tre : 150mm &#8211; hauteur : 100mmen fr\u00eane avec noeudsPrix : 15.00\u20ac &#8211; Vendu Coupellediam\u00e8tre : 180mm &#8211; hauteur : 60mmen ch\u00eanePrix : 20.00\u20ac &#8211; Disponible Coupellediam\u00e8tre : 190mm&hellip;&nbsp;<a href=\"https:\/\/leboisdesfraux.fr\/index.php\/page-de-garde\/3-mes-creations\/3-2-mes-creations-bols\/\" rel=\"bookmark\">Lire la suite &raquo;<span class=\"screen-reader-text\">3.2- Bols &#8211; Coupelles<\/span><\/a><\/p>\n","protected":false},"author":1,"featured_media":0,"parent":101,"menu_order":0,"comment_status":"closed","ping_status":"closed","template":"page-templates\/template-pagebuilder-full-width.php","meta":{"neve_meta_sidebar":"","neve_meta_container":"","neve_meta_enable_content_width":"","neve_meta_content_width":0,"neve_meta_title_alignment":"","neve_meta_author_avatar":"","neve_post_elements_order":"","neve_meta_disable_header":"","neve_meta_disable_footer":"","neve_meta_disable_title":"","footnotes":""},"class_list":["post-48","page","type-page","status-publish","hentry"],"_links":{"self":[{"href":"https:\/\/leboisdesfraux.fr\/index.php\/wp-json\/wp\/v2\/pages\/48","targetHints":{"allow":["GET"]}}],"collection":[{"href":"https:\/\/leboisdesfraux.fr\/index.php\/wp-json\/wp\/v2\/pages"}],"about":[{"href":"https:\/\/leboisdesfraux.fr\/index.php\/wp-json\/wp\/v2\/types\/page"}],"author":[{"embeddable":true,"href":"https:\/\/leboisdesfraux.fr\/index.php\/wp-json\/wp\/v2\/users\/1"}],"replies":[{"embeddable":true,"href":"https:\/\/leboisdesfraux.fr\/index.php\/wp-json\/wp\/v2\/comments?post=48"}],"version-history":[{"count":30,"href":"https:\/\/leboisdesfraux.fr\/index.php\/wp-json\/wp\/v2\/pages\/48\/revisions"}],"predecessor-version":[{"id":775,"href":"https:\/\/leboisdesfraux.fr\/index.php\/wp-json\/wp\/v2\/pages\/48\/revisions\/775"}],"up":[{"embeddable":true,"href":"https:\/\/leboisdesfraux.fr\/index.php\/wp-json\/wp\/v2\/pages\/101"}],"wp:attachment":[{"href":"https:\/\/leboisdesfraux.fr\/index.php\/wp-json\/wp\/v2\/media?parent=48"}],"curies":[{"name":"wp","href":"https:\/\/api.w.org\/{rel}","templated":true}]}}