{"id":432,"date":"2023-11-11T10:44:28","date_gmt":"2023-11-11T10:44:28","guid":{"rendered":"https:\/\/leboisdesfraux.fr\/?page_id=432"},"modified":"2026-03-05T19:51:18","modified_gmt":"2026-03-05T19:51:18","slug":"3-4-mes-creations-boites","status":"publish","type":"page","link":"https:\/\/leboisdesfraux.fr\/index.php\/page-de-garde\/3-mes-creations\/3-4-mes-creations-boites\/","title":{"rendered":"3.4- Bo\u00eetes"},"content":{"rendered":"\n<p><\/p>\n\n\n\n<div class=\"wp-block-media-text is-stacked-on-mobile\"><figure class=\"wp-block-media-text__media\"><img loading=\"lazy\" decoding=\"async\" width=\"768\" height=\"1024\" src=\"http:\/\/leboisdesfraux.fr\/wp-content\/uploads\/2024\/01\/20230416_115518-768x1024.jpg\" alt=\"\" class=\"wp-image-618 size-full\" srcset=\"https:\/\/leboisdesfraux.fr\/wp-content\/uploads\/2024\/01\/20230416_115518-768x1024.jpg 768w, https:\/\/leboisdesfraux.fr\/wp-content\/uploads\/2024\/01\/20230416_115518-225x300.jpg 225w, https:\/\/leboisdesfraux.fr\/wp-content\/uploads\/2024\/01\/20230416_115518-1152x1536.jpg 1152w, https:\/\/leboisdesfraux.fr\/wp-content\/uploads\/2024\/01\/20230416_115518-1536x2048.jpg 1536w, https:\/\/leboisdesfraux.fr\/wp-content\/uploads\/2024\/01\/20230416_115518-scaled.jpg 1920w\" sizes=\"auto, (max-width: 768px) 100vw, 768px\" \/><\/figure><div class=\"wp-block-media-text__content\">\n<p>Bo\u00eete \u00e0 bonbons sph\u00e9rique<br>diam\u00e8tre : 160mm &#8211; hauteur : 280mm<br>en ch\u00eane<br>Prix : 40.00\u20ac &#8211; Disponible<\/p>\n<\/div><\/div>\n\n\n\n<p><\/p>\n\n\n\n<div class=\"wp-block-media-text is-stacked-on-mobile\"><figure class=\"wp-block-media-text__media\"><img loading=\"lazy\" decoding=\"async\" width=\"1024\" height=\"473\" src=\"http:\/\/leboisdesfraux.fr\/wp-content\/uploads\/2024\/01\/20220826_205208-1024x473.jpg\" alt=\"\" class=\"wp-image-623 size-full\" srcset=\"https:\/\/leboisdesfraux.fr\/wp-content\/uploads\/2024\/01\/20220826_205208-1024x473.jpg 1024w, https:\/\/leboisdesfraux.fr\/wp-content\/uploads\/2024\/01\/20220826_205208-300x139.jpg 300w, https:\/\/leboisdesfraux.fr\/wp-content\/uploads\/2024\/01\/20220826_205208-768x355.jpg 768w, https:\/\/leboisdesfraux.fr\/wp-content\/uploads\/2024\/01\/20220826_205208-1536x709.jpg 1536w, https:\/\/leboisdesfraux.fr\/wp-content\/uploads\/2024\/01\/20220826_205208-2048x946.jpg 2048w\" sizes=\"auto, (max-width: 1024px) 100vw, 1024px\" \/><\/figure><div class=\"wp-block-media-text__content\">\n<p>Bo\u00eete \u00e0 bonbons hexagonale<br>longueur : 230mm &#8211; largeur : 180mm &#8211; hauteur : 100mm<br>en noyer<br>Prix : 30.00\u20ac &#8211; <strong>Vendu<\/strong><\/p>\n<\/div><\/div>\n\n\n\n<p><\/p>\n\n\n\n<div class=\"wp-block-media-text alignwide is-stacked-on-mobile\"><figure class=\"wp-block-media-text__media\"><img loading=\"lazy\" decoding=\"async\" width=\"1024\" height=\"768\" src=\"http:\/\/leboisdesfraux.fr\/wp-content\/uploads\/2024\/01\/20230918_212012-1024x768.jpg\" alt=\"\" class=\"wp-image-473 size-full\" srcset=\"https:\/\/leboisdesfraux.fr\/wp-content\/uploads\/2024\/01\/20230918_212012-1024x768.jpg 1024w, https:\/\/leboisdesfraux.fr\/wp-content\/uploads\/2024\/01\/20230918_212012-300x225.jpg 300w, https:\/\/leboisdesfraux.fr\/wp-content\/uploads\/2024\/01\/20230918_212012-768x576.jpg 768w, https:\/\/leboisdesfraux.fr\/wp-content\/uploads\/2024\/01\/20230918_212012-1536x1152.jpg 1536w, https:\/\/leboisdesfraux.fr\/wp-content\/uploads\/2024\/01\/20230918_212012-2048x1536.jpg 2048w\" sizes=\"auto, (max-width: 1024px) 100vw, 1024px\" \/><\/figure><div class=\"wp-block-media-text__content\">\n<div class=\"wp-block-columns is-layout-flex wp-container-core-columns-is-layout-9d6595d7 wp-block-columns-is-layout-flex\">\n<div class=\"wp-block-column is-layout-flow wp-block-column-is-layout-flow\" style=\"flex-basis:100%\">\n<div class=\"wp-block-group\"><div class=\"wp-block-group__inner-container is-layout-constrained wp-block-group-is-layout-constrained\">\n<blockquote class=\"wp-block-quote is-layout-flow wp-block-quote-is-layout-flow\">\n<p>Bo\u00eete \u00e0 bijoux<br>diam\u00e8tre : 120mm &#8211; hauteur : 95mm<br>en fr\u00eane<br>Prix : 25.00\u20ac &#8211; <strong>Vendu<\/strong><\/p>\n<\/blockquote>\n<\/div><\/div>\n<\/div>\n<\/div>\n<\/div><\/div>\n\n\n\n<p><\/p>\n\n\n\n<div class=\"wp-block-media-text alignwide is-stacked-on-mobile\"><figure class=\"wp-block-media-text__media\"><img loading=\"lazy\" decoding=\"async\" width=\"1024\" height=\"1024\" src=\"http:\/\/leboisdesfraux.fr\/wp-content\/uploads\/2024\/01\/IMG_20231207_124601_215-1024x1024.webp\" alt=\"\" class=\"wp-image-475 size-full\" srcset=\"https:\/\/leboisdesfraux.fr\/wp-content\/uploads\/2024\/01\/IMG_20231207_124601_215-1024x1024.webp 1024w, https:\/\/leboisdesfraux.fr\/wp-content\/uploads\/2024\/01\/IMG_20231207_124601_215-300x300.webp 300w, https:\/\/leboisdesfraux.fr\/wp-content\/uploads\/2024\/01\/IMG_20231207_124601_215-150x150.webp 150w, https:\/\/leboisdesfraux.fr\/wp-content\/uploads\/2024\/01\/IMG_20231207_124601_215-768x768.webp 768w, https:\/\/leboisdesfraux.fr\/wp-content\/uploads\/2024\/01\/IMG_20231207_124601_215.webp 1080w\" sizes=\"auto, (max-width: 1024px) 100vw, 1024px\" \/><\/figure><div class=\"wp-block-media-text__content\">\n<div class=\"wp-block-columns is-layout-flex wp-container-core-columns-is-layout-9d6595d7 wp-block-columns-is-layout-flex\">\n<div class=\"wp-block-column is-layout-flow wp-block-column-is-layout-flow\" style=\"flex-basis:100%\">\n<div class=\"wp-block-group\"><div class=\"wp-block-group__inner-container is-layout-constrained wp-block-group-is-layout-constrained\">\n<blockquote class=\"wp-block-quote is-layout-flow wp-block-quote-is-layout-flow\">\n<p>Bo\u00eete \u00e0 bijoux<br>diam\u00e8tre : 85mm &#8211; hauteur : 125mm<br>en fr\u00eane<br>Prix : 25.00\u20ac &#8211; <strong>Vendu<\/strong><\/p>\n<\/blockquote>\n<\/div><\/div>\n<\/div>\n<\/div>\n<\/div><\/div>\n\n\n\n<p><\/p>\n\n\n\n<div class=\"wp-block-media-text alignwide is-stacked-on-mobile\"><figure class=\"wp-block-media-text__media\"><img loading=\"lazy\" decoding=\"async\" width=\"473\" height=\"1024\" src=\"http:\/\/leboisdesfraux.fr\/wp-content\/uploads\/2026\/03\/20260223_165735-473x1024.jpg\" alt=\"\" class=\"wp-image-778 size-full\" srcset=\"https:\/\/leboisdesfraux.fr\/wp-content\/uploads\/2026\/03\/20260223_165735-473x1024.jpg 473w, https:\/\/leboisdesfraux.fr\/wp-content\/uploads\/2026\/03\/20260223_165735-139x300.jpg 139w, https:\/\/leboisdesfraux.fr\/wp-content\/uploads\/2026\/03\/20260223_165735-768x1663.jpg 768w, https:\/\/leboisdesfraux.fr\/wp-content\/uploads\/2026\/03\/20260223_165735-709x1536.jpg 709w, https:\/\/leboisdesfraux.fr\/wp-content\/uploads\/2026\/03\/20260223_165735-946x2048.jpg 946w, https:\/\/leboisdesfraux.fr\/wp-content\/uploads\/2026\/03\/20260223_165735-scaled.jpg 1182w\" sizes=\"auto, (max-width: 473px) 100vw, 473px\" \/><\/figure><div class=\"wp-block-media-text__content\">\n<div class=\"wp-block-columns is-layout-flex wp-container-core-columns-is-layout-9d6595d7 wp-block-columns-is-layout-flex\">\n<div class=\"wp-block-column is-layout-flow wp-block-column-is-layout-flow\" style=\"flex-basis:100%\">\n<div class=\"wp-block-group\"><div class=\"wp-block-group__inner-container is-layout-constrained wp-block-group-is-layout-constrained\">\n<blockquote class=\"wp-block-quote is-layout-flow wp-block-quote-is-layout-flow\">\n<p>Bo\u00eete \u00e0 bonbons<br>diam\u00e8tre : 120mm &#8211; hauteur : 100mm<br>en fr\u00eane<\/p>\n\n\n\n<p>Couvercle en verre color\u00e9<br>Prix : 35.00\u20ac &#8211; Disponible<\/p>\n<\/blockquote>\n<\/div><\/div>\n<\/div>\n<\/div>\n<\/div><\/div>\n\n\n\n<p><\/p>\n","protected":false},"excerpt":{"rendered":"<p>Bo\u00eete \u00e0 bonbons sph\u00e9riquediam\u00e8tre : 160mm &#8211; hauteur : 280mmen ch\u00eanePrix : 40.00\u20ac &#8211; Disponible Bo\u00eete \u00e0 bonbons hexagonalelongueur : 230mm &#8211; largeur : 180mm &#8211; hauteur : 100mmen noyerPrix : 30.00\u20ac &#8211; Vendu<\/p>\n","protected":false},"author":1,"featured_media":0,"parent":101,"menu_order":0,"comment_status":"closed","ping_status":"closed","template":"page-templates\/template-pagebuilder-full-width.php","meta":{"neve_meta_sidebar":"","neve_meta_container":"","neve_meta_enable_content_width":"","neve_meta_content_width":0,"neve_meta_title_alignment":"","neve_meta_author_avatar":"","neve_post_elements_order":"","neve_meta_disable_header":"","neve_meta_disable_footer":"","neve_meta_disable_title":"","footnotes":""},"class_list":["post-432","page","type-page","status-publish","hentry"],"_links":{"self":[{"href":"https:\/\/leboisdesfraux.fr\/index.php\/wp-json\/wp\/v2\/pages\/432","targetHints":{"allow":["GET"]}}],"collection":[{"href":"https:\/\/leboisdesfraux.fr\/index.php\/wp-json\/wp\/v2\/pages"}],"about":[{"href":"https:\/\/leboisdesfraux.fr\/index.php\/wp-json\/wp\/v2\/types\/page"}],"author":[{"embeddable":true,"href":"https:\/\/leboisdesfraux.fr\/index.php\/wp-json\/wp\/v2\/users\/1"}],"replies":[{"embeddable":true,"href":"https:\/\/leboisdesfraux.fr\/index.php\/wp-json\/wp\/v2\/comments?post=432"}],"version-history":[{"count":52,"href":"https:\/\/leboisdesfraux.fr\/index.php\/wp-json\/wp\/v2\/pages\/432\/revisions"}],"predecessor-version":[{"id":779,"href":"https:\/\/leboisdesfraux.fr\/index.php\/wp-json\/wp\/v2\/pages\/432\/revisions\/779"}],"up":[{"embeddable":true,"href":"https:\/\/leboisdesfraux.fr\/index.php\/wp-json\/wp\/v2\/pages\/101"}],"wp:attachment":[{"href":"https:\/\/leboisdesfraux.fr\/index.php\/wp-json\/wp\/v2\/media?parent=432"}],"curies":[{"name":"wp","href":"https:\/\/api.w.org\/{rel}","templated":true}]}}