{"id":38,"date":"2023-01-16T21:40:19","date_gmt":"2023-01-16T21:40:19","guid":{"rendered":"https:\/\/leboisdesfraux.fr\/?page_id=38"},"modified":"2026-03-05T19:57:29","modified_gmt":"2026-03-05T19:57:29","slug":"3-1-mes-creations-lampes","status":"publish","type":"page","link":"https:\/\/leboisdesfraux.fr\/index.php\/page-de-garde\/3-mes-creations\/3-1-mes-creations-lampes\/","title":{"rendered":"3.1- Lampes"},"content":{"rendered":"\n<p><\/p>\n\n\n\n<div class=\"wp-block-media-text is-stacked-on-mobile\"><figure class=\"wp-block-media-text__media\"><img loading=\"lazy\" decoding=\"async\" width=\"768\" height=\"1024\" src=\"http:\/\/leboisdesfraux.fr\/wp-content\/uploads\/2024\/01\/IMG-20211111-WA0000.jpg\" alt=\"\" class=\"wp-image-632 size-full\" srcset=\"https:\/\/leboisdesfraux.fr\/wp-content\/uploads\/2024\/01\/IMG-20211111-WA0000.jpg 768w, https:\/\/leboisdesfraux.fr\/wp-content\/uploads\/2024\/01\/IMG-20211111-WA0000-225x300.jpg 225w\" sizes=\"auto, (max-width: 768px) 100vw, 768px\" \/><\/figure><div class=\"wp-block-media-text__content\">\n<p>Lampe de chevet (vendu sans abat-jour)<br>diam\u00e8tre : 100mm &#8211; hauteur : 270mm (hors abat-jour)<br>en olivier<br>Prix : 60.00\u20ac &#8211; Disponible<\/p>\n<\/div><\/div>\n\n\n\n<p><\/p>\n\n\n\n<div class=\"wp-block-media-text is-stacked-on-mobile\"><figure class=\"wp-block-media-text__media\"><img loading=\"lazy\" decoding=\"async\" width=\"768\" height=\"1024\" src=\"https:\/\/leboisdesfraux.fr\/wp-content\/uploads\/2024\/01\/20230727_170828-768x1024.jpg\" alt=\"\" class=\"wp-image-578 size-full\" srcset=\"https:\/\/leboisdesfraux.fr\/wp-content\/uploads\/2024\/01\/20230727_170828-768x1024.jpg 768w, https:\/\/leboisdesfraux.fr\/wp-content\/uploads\/2024\/01\/20230727_170828-225x300.jpg 225w, https:\/\/leboisdesfraux.fr\/wp-content\/uploads\/2024\/01\/20230727_170828-1152x1536.jpg 1152w, https:\/\/leboisdesfraux.fr\/wp-content\/uploads\/2024\/01\/20230727_170828-1536x2048.jpg 1536w, https:\/\/leboisdesfraux.fr\/wp-content\/uploads\/2024\/01\/20230727_170828-scaled.jpg 1920w\" sizes=\"auto, (max-width: 768px) 100vw, 768px\" \/><\/figure><div class=\"wp-block-media-text__content\">\n<p>Lampe de chevet (vendu sans abat-jour)<br>diam\u00e8tre : 95mm &#8211; hauteur : 270mm (hors abat-jour)<br>en ch\u00eane<br>Prix : 35.00\u20ac &#8211; <strong>Vendu<\/strong><\/p>\n<\/div><\/div>\n\n\n\n<p><\/p>\n\n\n\n<div class=\"wp-block-media-text is-stacked-on-mobile\"><figure class=\"wp-block-media-text__media\"><img loading=\"lazy\" decoding=\"async\" width=\"768\" height=\"1024\" src=\"http:\/\/leboisdesfraux.fr\/wp-content\/uploads\/2024\/01\/20230727_172020-768x1024.jpg\" alt=\"\" class=\"wp-image-582 size-full\" srcset=\"https:\/\/leboisdesfraux.fr\/wp-content\/uploads\/2024\/01\/20230727_172020-768x1024.jpg 768w, https:\/\/leboisdesfraux.fr\/wp-content\/uploads\/2024\/01\/20230727_172020-225x300.jpg 225w, https:\/\/leboisdesfraux.fr\/wp-content\/uploads\/2024\/01\/20230727_172020-1152x1536.jpg 1152w, https:\/\/leboisdesfraux.fr\/wp-content\/uploads\/2024\/01\/20230727_172020-1536x2048.jpg 1536w, https:\/\/leboisdesfraux.fr\/wp-content\/uploads\/2024\/01\/20230727_172020-scaled.jpg 1920w\" sizes=\"auto, (max-width: 768px) 100vw, 768px\" \/><\/figure><div class=\"wp-block-media-text__content\">\n<p>Lampe de bureau<br>longueur : 150mm &#8211; largeur : 110mm &#8211; hauteur : 85mm (socle)<br>en ch\u00eane issu d&rsquo;une douelle de foudre<br>Prix : 35.00\u20ac &#8211; <strong>Vendu<\/strong><\/p>\n<\/div><\/div>\n\n\n\n<p><\/p>\n\n\n\n<div class=\"wp-block-media-text is-stacked-on-mobile\"><figure class=\"wp-block-media-text__media\"><img loading=\"lazy\" decoding=\"async\" width=\"1024\" height=\"1024\" src=\"http:\/\/leboisdesfraux.fr\/wp-content\/uploads\/2024\/01\/IMG_20231213_210119_624-1024x1024.jpg\" alt=\"\" class=\"wp-image-586 size-full\" srcset=\"https:\/\/leboisdesfraux.fr\/wp-content\/uploads\/2024\/01\/IMG_20231213_210119_624-1024x1024.jpg 1024w, https:\/\/leboisdesfraux.fr\/wp-content\/uploads\/2024\/01\/IMG_20231213_210119_624-300x300.jpg 300w, https:\/\/leboisdesfraux.fr\/wp-content\/uploads\/2024\/01\/IMG_20231213_210119_624-150x150.jpg 150w, https:\/\/leboisdesfraux.fr\/wp-content\/uploads\/2024\/01\/IMG_20231213_210119_624-768x768.jpg 768w, https:\/\/leboisdesfraux.fr\/wp-content\/uploads\/2024\/01\/IMG_20231213_210119_624.jpg 1080w\" sizes=\"auto, (max-width: 1024px) 100vw, 1024px\" \/><\/figure><div class=\"wp-block-media-text__content\">\n<p>Lampe d&rsquo;ornement<br>diam\u00e8tre : 300mm &#8211; hauteur : 385mm<br>en marronnier<br>Prix : 80.00\u20ac &#8211; <strong>Vendu<\/strong><\/p>\n<\/div><\/div>\n\n\n\n<p><\/p>\n\n\n\n<div class=\"wp-block-media-text is-stacked-on-mobile\"><figure class=\"wp-block-media-text__media\"><img loading=\"lazy\" decoding=\"async\" width=\"576\" height=\"1024\" src=\"http:\/\/leboisdesfraux.fr\/wp-content\/uploads\/2024\/01\/20231230_182441-576x1024.jpg\" alt=\"\" class=\"wp-image-588 size-full\" srcset=\"https:\/\/leboisdesfraux.fr\/wp-content\/uploads\/2024\/01\/20231230_182441-576x1024.jpg 576w, https:\/\/leboisdesfraux.fr\/wp-content\/uploads\/2024\/01\/20231230_182441-169x300.jpg 169w, https:\/\/leboisdesfraux.fr\/wp-content\/uploads\/2024\/01\/20231230_182441-768x1365.jpg 768w, https:\/\/leboisdesfraux.fr\/wp-content\/uploads\/2024\/01\/20231230_182441-864x1536.jpg 864w, https:\/\/leboisdesfraux.fr\/wp-content\/uploads\/2024\/01\/20231230_182441-1152x2048.jpg 1152w, https:\/\/leboisdesfraux.fr\/wp-content\/uploads\/2024\/01\/20231230_182441-scaled.jpg 1440w\" sizes=\"auto, (max-width: 576px) 100vw, 576px\" \/><\/figure><div class=\"wp-block-media-text__content\">\n<p>Lampe d&rsquo;ornement<br>diam\u00e8tre : 200mm &#8211; hauteur : 330mm<br>en marronnier<br>Prix : 60.00\u20ac &#8211; <strong>Vendu<\/strong><\/p>\n<\/div><\/div>\n\n\n\n<div class=\"wp-block-media-text is-stacked-on-mobile\"><figure class=\"wp-block-media-text__media\"><img loading=\"lazy\" decoding=\"async\" width=\"819\" height=\"1024\" src=\"http:\/\/leboisdesfraux.fr\/wp-content\/uploads\/2024\/10\/IMG_20240715_113656_021-819x1024.webp\" alt=\"\" class=\"wp-image-659 size-full\" srcset=\"https:\/\/leboisdesfraux.fr\/wp-content\/uploads\/2024\/10\/IMG_20240715_113656_021-819x1024.webp 819w, https:\/\/leboisdesfraux.fr\/wp-content\/uploads\/2024\/10\/IMG_20240715_113656_021-240x300.webp 240w, https:\/\/leboisdesfraux.fr\/wp-content\/uploads\/2024\/10\/IMG_20240715_113656_021-768x960.webp 768w, https:\/\/leboisdesfraux.fr\/wp-content\/uploads\/2024\/10\/IMG_20240715_113656_021.webp 1080w\" sizes=\"auto, (max-width: 819px) 100vw, 819px\" \/><\/figure><div class=\"wp-block-media-text__content\">\n<p>Lampe ann\u00e9e 70<br>diam\u00e8tre : 90mm &#8211; hauteur : 270mm<br>en ch\u00eane<br>Prix : 90.00\u20ac &#8211; <strong>Vendu<\/strong><\/p>\n<\/div><\/div>\n\n\n\n<div class=\"wp-block-media-text is-stacked-on-mobile\"><figure class=\"wp-block-media-text__media\"><img loading=\"lazy\" decoding=\"async\" width=\"768\" height=\"1024\" src=\"http:\/\/leboisdesfraux.fr\/wp-content\/uploads\/2024\/11\/20241124_204302-768x1024.jpg\" alt=\"\" class=\"wp-image-679 size-full\" srcset=\"https:\/\/leboisdesfraux.fr\/wp-content\/uploads\/2024\/11\/20241124_204302-768x1024.jpg 768w, https:\/\/leboisdesfraux.fr\/wp-content\/uploads\/2024\/11\/20241124_204302-225x300.jpg 225w, https:\/\/leboisdesfraux.fr\/wp-content\/uploads\/2024\/11\/20241124_204302-1152x1536.jpg 1152w, https:\/\/leboisdesfraux.fr\/wp-content\/uploads\/2024\/11\/20241124_204302-1536x2048.jpg 1536w, https:\/\/leboisdesfraux.fr\/wp-content\/uploads\/2024\/11\/20241124_204302-scaled.jpg 1920w\" sizes=\"auto, (max-width: 768px) 100vw, 768px\" \/><\/figure><div class=\"wp-block-media-text__content\">\n<p>Lampe d&rsquo;ornement (vendu sans abat-jour)<br>diam\u00e8tre : 150mm &#8211; hauteur : 290mm<br>en buis<br>Prix : 100.00\u20ac &#8211; <strong>Vendu<\/strong><\/p>\n<\/div><\/div>\n\n\n\n<div class=\"wp-block-media-text is-stacked-on-mobile\"><figure class=\"wp-block-media-text__media\"><img loading=\"lazy\" decoding=\"async\" width=\"768\" height=\"1024\" src=\"http:\/\/leboisdesfraux.fr\/wp-content\/uploads\/2025\/01\/20241214_154521-768x1024.jpg\" alt=\"\" class=\"wp-image-686 size-full\" srcset=\"https:\/\/leboisdesfraux.fr\/wp-content\/uploads\/2025\/01\/20241214_154521-768x1024.jpg 768w, https:\/\/leboisdesfraux.fr\/wp-content\/uploads\/2025\/01\/20241214_154521-225x300.jpg 225w, https:\/\/leboisdesfraux.fr\/wp-content\/uploads\/2025\/01\/20241214_154521-1152x1536.jpg 1152w, https:\/\/leboisdesfraux.fr\/wp-content\/uploads\/2025\/01\/20241214_154521-1536x2048.jpg 1536w, https:\/\/leboisdesfraux.fr\/wp-content\/uploads\/2025\/01\/20241214_154521-scaled.jpg 1920w\" sizes=\"auto, (max-width: 768px) 100vw, 768px\" \/><\/figure><div class=\"wp-block-media-text__content\">\n<p>Lampe d&rsquo;ornement (avec abat-jour en vitrail)<br>diam\u00e8tre : 200mm &#8211; hauteur : 420mm<br>en ch\u00eane<br>Prix : 110.00\u20ac &#8211; <strong>Vendu<\/strong><\/p>\n<\/div><\/div>\n\n\n\n<div class=\"wp-block-media-text is-stacked-on-mobile\"><figure class=\"wp-block-media-text__media\"><img loading=\"lazy\" decoding=\"async\" width=\"576\" height=\"1024\" src=\"http:\/\/leboisdesfraux.fr\/wp-content\/uploads\/2025\/02\/20250223_182145-576x1024.jpg\" alt=\"\" class=\"wp-image-690 size-full\" srcset=\"https:\/\/leboisdesfraux.fr\/wp-content\/uploads\/2025\/02\/20250223_182145-576x1024.jpg 576w, https:\/\/leboisdesfraux.fr\/wp-content\/uploads\/2025\/02\/20250223_182145-169x300.jpg 169w, https:\/\/leboisdesfraux.fr\/wp-content\/uploads\/2025\/02\/20250223_182145-768x1365.jpg 768w, https:\/\/leboisdesfraux.fr\/wp-content\/uploads\/2025\/02\/20250223_182145-864x1536.jpg 864w, https:\/\/leboisdesfraux.fr\/wp-content\/uploads\/2025\/02\/20250223_182145-1152x2048.jpg 1152w, https:\/\/leboisdesfraux.fr\/wp-content\/uploads\/2025\/02\/20250223_182145-scaled.jpg 1440w\" sizes=\"auto, (max-width: 576px) 100vw, 576px\" \/><\/figure><div class=\"wp-block-media-text__content\">\n<p>Lampe d&rsquo;ornement (vendu sans abat-jour)<br>diam\u00e8tre : 140mm &#8211; hauteur : 380mm<br>en ch\u00eane<br>Prix : 35.00\u20ac &#8211; Disponible<\/p>\n<\/div><\/div>\n\n\n\n<div class=\"wp-block-media-text is-stacked-on-mobile\"><figure class=\"wp-block-media-text__media\"><img loading=\"lazy\" decoding=\"async\" width=\"576\" height=\"1024\" src=\"http:\/\/leboisdesfraux.fr\/wp-content\/uploads\/2025\/03\/20250330_141051-576x1024.jpg\" alt=\"\" class=\"wp-image-706 size-full\" srcset=\"https:\/\/leboisdesfraux.fr\/wp-content\/uploads\/2025\/03\/20250330_141051-576x1024.jpg 576w, https:\/\/leboisdesfraux.fr\/wp-content\/uploads\/2025\/03\/20250330_141051-169x300.jpg 169w, https:\/\/leboisdesfraux.fr\/wp-content\/uploads\/2025\/03\/20250330_141051-768x1365.jpg 768w, https:\/\/leboisdesfraux.fr\/wp-content\/uploads\/2025\/03\/20250330_141051-864x1536.jpg 864w, https:\/\/leboisdesfraux.fr\/wp-content\/uploads\/2025\/03\/20250330_141051-1152x2048.jpg 1152w, https:\/\/leboisdesfraux.fr\/wp-content\/uploads\/2025\/03\/20250330_141051-scaled.jpg 1440w\" sizes=\"auto, (max-width: 576px) 100vw, 576px\" \/><\/figure><div class=\"wp-block-media-text__content\">\n<p>Lampe d&rsquo;ornement en vitrail<br>longueur : 190mm largeur : 180mm &#8211; hauteur : 280mm<br>socle en noyer<br>Prix : 70.00\u20ac &#8211; <strong>Vendu<\/strong><\/p>\n<\/div><\/div>\n\n\n\n<div class=\"wp-block-media-text is-stacked-on-mobile\"><figure class=\"wp-block-media-text__media\"><img loading=\"lazy\" decoding=\"async\" width=\"1024\" height=\"576\" src=\"http:\/\/leboisdesfraux.fr\/wp-content\/uploads\/2025\/09\/20250831_104006-1024x576.jpg\" alt=\"\" class=\"wp-image-751 size-full\" srcset=\"https:\/\/leboisdesfraux.fr\/wp-content\/uploads\/2025\/09\/20250831_104006-1024x576.jpg 1024w, https:\/\/leboisdesfraux.fr\/wp-content\/uploads\/2025\/09\/20250831_104006-300x169.jpg 300w, https:\/\/leboisdesfraux.fr\/wp-content\/uploads\/2025\/09\/20250831_104006-768x432.jpg 768w, https:\/\/leboisdesfraux.fr\/wp-content\/uploads\/2025\/09\/20250831_104006-1536x864.jpg 1536w, https:\/\/leboisdesfraux.fr\/wp-content\/uploads\/2025\/09\/20250831_104006-2048x1152.jpg 2048w\" sizes=\"auto, (max-width: 1024px) 100vw, 1024px\" \/><\/figure><div class=\"wp-block-media-text__content\">\n<p>Lampe d&rsquo;ornement en bois<br>diam\u00e8tre : 120mm &#8211; hauteur : 280mm<br>en bouleau \u00e9chauff\u00e9 et noyer<br>Prix : 120.00\u20ac &#8211; Disponible<\/p>\n<\/div><\/div>\n\n\n\n<div class=\"wp-block-media-text is-stacked-on-mobile\"><figure class=\"wp-block-media-text__media\"><img loading=\"lazy\" decoding=\"async\" width=\"473\" height=\"1024\" src=\"http:\/\/leboisdesfraux.fr\/wp-content\/uploads\/2026\/03\/20260301_074835-473x1024.jpg\" alt=\"\" class=\"wp-image-781 size-full\" srcset=\"https:\/\/leboisdesfraux.fr\/wp-content\/uploads\/2026\/03\/20260301_074835-473x1024.jpg 473w, https:\/\/leboisdesfraux.fr\/wp-content\/uploads\/2026\/03\/20260301_074835-139x300.jpg 139w, https:\/\/leboisdesfraux.fr\/wp-content\/uploads\/2026\/03\/20260301_074835-768x1663.jpg 768w, https:\/\/leboisdesfraux.fr\/wp-content\/uploads\/2026\/03\/20260301_074835-709x1536.jpg 709w, https:\/\/leboisdesfraux.fr\/wp-content\/uploads\/2026\/03\/20260301_074835-946x2048.jpg 946w, https:\/\/leboisdesfraux.fr\/wp-content\/uploads\/2026\/03\/20260301_074835-scaled.jpg 1182w\" sizes=\"auto, (max-width: 473px) 100vw, 473px\" \/><\/figure><div class=\"wp-block-media-text__content\">\n<p>Lampe d&rsquo;ornement (vendue avec abat-jour)<br>diam\u00e8tre : 120mm &#8211; hauteur : 360mm<br>en ch\u00eane + r\u00e9sine rouge<br>Prix : 120.00\u20ac &#8211; Disponible<\/p>\n<\/div><\/div>\n\n\n\n<p><\/p>\n","protected":false},"excerpt":{"rendered":"<p>Lampe de chevet (vendu sans abat-jour)diam\u00e8tre : 100mm &#8211; hauteur : 270mm (hors abat-jour)en olivierPrix : 60.00\u20ac &#8211; Disponible Lampe de chevet (vendu sans abat-jour)diam\u00e8tre : 95mm &#8211; hauteur : 270mm (hors abat-jour)en ch\u00eanePrix : 35.00\u20ac &#8211; Vendu Lampe de bureaulongueur : 150mm &#8211; largeur : 110mm &#8211; hauteur : 85mm (socle)en ch\u00eane issu d&rsquo;une&hellip;&nbsp;<a href=\"https:\/\/leboisdesfraux.fr\/index.php\/page-de-garde\/3-mes-creations\/3-1-mes-creations-lampes\/\" rel=\"bookmark\">Lire la suite &raquo;<span class=\"screen-reader-text\">3.1- Lampes<\/span><\/a><\/p>\n","protected":false},"author":1,"featured_media":0,"parent":101,"menu_order":0,"comment_status":"closed","ping_status":"closed","template":"page-templates\/template-pagebuilder-full-width.php","meta":{"neve_meta_sidebar":"","neve_meta_container":"","neve_meta_enable_content_width":"","neve_meta_content_width":0,"neve_meta_title_alignment":"","neve_meta_author_avatar":"","neve_post_elements_order":"","neve_meta_disable_header":"","neve_meta_disable_footer":"","neve_meta_disable_title":"","footnotes":""},"class_list":["post-38","page","type-page","status-publish","hentry"],"_links":{"self":[{"href":"https:\/\/leboisdesfraux.fr\/index.php\/wp-json\/wp\/v2\/pages\/38","targetHints":{"allow":["GET"]}}],"collection":[{"href":"https:\/\/leboisdesfraux.fr\/index.php\/wp-json\/wp\/v2\/pages"}],"about":[{"href":"https:\/\/leboisdesfraux.fr\/index.php\/wp-json\/wp\/v2\/types\/page"}],"author":[{"embeddable":true,"href":"https:\/\/leboisdesfraux.fr\/index.php\/wp-json\/wp\/v2\/users\/1"}],"replies":[{"embeddable":true,"href":"https:\/\/leboisdesfraux.fr\/index.php\/wp-json\/wp\/v2\/comments?post=38"}],"version-history":[{"count":44,"href":"https:\/\/leboisdesfraux.fr\/index.php\/wp-json\/wp\/v2\/pages\/38\/revisions"}],"predecessor-version":[{"id":782,"href":"https:\/\/leboisdesfraux.fr\/index.php\/wp-json\/wp\/v2\/pages\/38\/revisions\/782"}],"up":[{"embeddable":true,"href":"https:\/\/leboisdesfraux.fr\/index.php\/wp-json\/wp\/v2\/pages\/101"}],"wp:attachment":[{"href":"https:\/\/leboisdesfraux.fr\/index.php\/wp-json\/wp\/v2\/media?parent=38"}],"curies":[{"name":"wp","href":"https:\/\/api.w.org\/{rel}","templated":true}]}}