{"id":178,"date":"2023-01-18T13:36:26","date_gmt":"2023-01-18T13:36:26","guid":{"rendered":"https:\/\/leboisdesfraux.fr\/?page_id=178"},"modified":"2026-03-05T19:43:19","modified_gmt":"2026-03-05T19:43:19","slug":"3-3-mes-creations-soliflores","status":"publish","type":"page","link":"https:\/\/leboisdesfraux.fr\/index.php\/page-de-garde\/3-mes-creations\/3-3-mes-creations-soliflores\/","title":{"rendered":"3.3- Soliflores"},"content":{"rendered":"\n<p><\/p>\n\n\n\n<div class=\"wp-block-media-text is-stacked-on-mobile\"><figure class=\"wp-block-media-text__media\"><img loading=\"lazy\" decoding=\"async\" width=\"768\" height=\"1024\" src=\"https:\/\/leboisdesfraux.fr\/wp-content\/uploads\/2024\/01\/20230321_123319-768x1024.jpg\" alt=\"\" class=\"wp-image-557 size-full\" srcset=\"https:\/\/leboisdesfraux.fr\/wp-content\/uploads\/2024\/01\/20230321_123319-768x1024.jpg 768w, https:\/\/leboisdesfraux.fr\/wp-content\/uploads\/2024\/01\/20230321_123319-225x300.jpg 225w, https:\/\/leboisdesfraux.fr\/wp-content\/uploads\/2024\/01\/20230321_123319-1152x1536.jpg 1152w, https:\/\/leboisdesfraux.fr\/wp-content\/uploads\/2024\/01\/20230321_123319-1536x2048.jpg 1536w, https:\/\/leboisdesfraux.fr\/wp-content\/uploads\/2024\/01\/20230321_123319-scaled.jpg 1920w\" sizes=\"auto, (max-width: 768px) 100vw, 768px\" \/><\/figure><div class=\"wp-block-media-text__content\">\n<p>Soliflore<br>diam\u00e8tre : 180mm &#8211; hauteur : 210mm<br>en ch\u00eane<br>Prix : 45.00\u20ac &#8211; <strong>Vendu<\/strong><\/p>\n<\/div><\/div>\n\n\n\n<p><\/p>\n\n\n\n<div class=\"wp-block-media-text is-stacked-on-mobile\"><figure class=\"wp-block-media-text__media\"><img loading=\"lazy\" decoding=\"async\" width=\"1024\" height=\"1024\" src=\"http:\/\/leboisdesfraux.fr\/wp-content\/uploads\/2024\/01\/IMG_20231230_183246_193-1024x1024.jpg\" alt=\"\" class=\"wp-image-563 size-full\" srcset=\"https:\/\/leboisdesfraux.fr\/wp-content\/uploads\/2024\/01\/IMG_20231230_183246_193-1024x1024.jpg 1024w, https:\/\/leboisdesfraux.fr\/wp-content\/uploads\/2024\/01\/IMG_20231230_183246_193-300x300.jpg 300w, https:\/\/leboisdesfraux.fr\/wp-content\/uploads\/2024\/01\/IMG_20231230_183246_193-150x150.jpg 150w, https:\/\/leboisdesfraux.fr\/wp-content\/uploads\/2024\/01\/IMG_20231230_183246_193-768x768.jpg 768w, https:\/\/leboisdesfraux.fr\/wp-content\/uploads\/2024\/01\/IMG_20231230_183246_193-1536x1536.jpg 1536w, https:\/\/leboisdesfraux.fr\/wp-content\/uploads\/2024\/01\/IMG_20231230_183246_193-2048x2048.jpg 2048w\" sizes=\"auto, (max-width: 1024px) 100vw, 1024px\" \/><\/figure><div class=\"wp-block-media-text__content\">\n<p>Soliflore<br>diam\u00e8tre : 90mm &#8211; hauteur : 290mm<br>en ch\u00eane<br>Prix : 30.00\u20ac &#8211; <strong>Vendu<\/strong><\/p>\n<\/div><\/div>\n\n\n\n<div class=\"wp-block-media-text is-stacked-on-mobile\"><figure class=\"wp-block-media-text__media\"><img loading=\"lazy\" decoding=\"async\" width=\"576\" height=\"1024\" src=\"http:\/\/leboisdesfraux.fr\/wp-content\/uploads\/2024\/10\/20240805_204459-576x1024.jpg\" alt=\"\" class=\"wp-image-662 size-full\" srcset=\"https:\/\/leboisdesfraux.fr\/wp-content\/uploads\/2024\/10\/20240805_204459-576x1024.jpg 576w, https:\/\/leboisdesfraux.fr\/wp-content\/uploads\/2024\/10\/20240805_204459-169x300.jpg 169w, https:\/\/leboisdesfraux.fr\/wp-content\/uploads\/2024\/10\/20240805_204459-768x1365.jpg 768w, https:\/\/leboisdesfraux.fr\/wp-content\/uploads\/2024\/10\/20240805_204459-864x1536.jpg 864w, https:\/\/leboisdesfraux.fr\/wp-content\/uploads\/2024\/10\/20240805_204459-1152x2048.jpg 1152w, https:\/\/leboisdesfraux.fr\/wp-content\/uploads\/2024\/10\/20240805_204459-scaled.jpg 1440w\" sizes=\"auto, (max-width: 576px) 100vw, 576px\" \/><\/figure><div class=\"wp-block-media-text__content\">\n<p>Soliflore<br>diam\u00e8tre : 90mm &#8211; hauteur : 180mm<br>en olivier<br>Prix : 30.00\u20ac &#8211; <strong>Vendu<\/strong><\/p>\n<\/div><\/div>\n\n\n\n<div class=\"wp-block-media-text is-stacked-on-mobile\"><figure class=\"wp-block-media-text__media\"><img loading=\"lazy\" decoding=\"async\" width=\"683\" height=\"1024\" src=\"http:\/\/leboisdesfraux.fr\/wp-content\/uploads\/2025\/09\/IMG-20250726-WA0091-683x1024.jpg\" alt=\"\" class=\"wp-image-755 size-full\" srcset=\"https:\/\/leboisdesfraux.fr\/wp-content\/uploads\/2025\/09\/IMG-20250726-WA0091-683x1024.jpg 683w, https:\/\/leboisdesfraux.fr\/wp-content\/uploads\/2025\/09\/IMG-20250726-WA0091-200x300.jpg 200w, https:\/\/leboisdesfraux.fr\/wp-content\/uploads\/2025\/09\/IMG-20250726-WA0091-768x1152.jpg 768w, https:\/\/leboisdesfraux.fr\/wp-content\/uploads\/2025\/09\/IMG-20250726-WA0091-1024x1536.jpg 1024w, https:\/\/leboisdesfraux.fr\/wp-content\/uploads\/2025\/09\/IMG-20250726-WA0091.jpg 1365w\" sizes=\"auto, (max-width: 683px) 100vw, 683px\" \/><\/figure><div class=\"wp-block-media-text__content\">\n<p>Soliflore fleurs s\u00e9ch\u00e9es<br>diam\u00e8tre : 30mm &#8211; hauteur : 160mm<br>en thuya<br>Prix : 12.00\u20ac &#8211; Disponible<\/p>\n<\/div><\/div>\n","protected":false},"excerpt":{"rendered":"<p>Soliflorediam\u00e8tre : 180mm &#8211; hauteur : 210mmen ch\u00eanePrix : 45.00\u20ac &#8211; Vendu Soliflorediam\u00e8tre : 90mm &#8211; hauteur : 290mmen ch\u00eanePrix : 30.00\u20ac &#8211; Vendu Soliflorediam\u00e8tre : 90mm &#8211; hauteur : 180mmen olivierPrix : 30.00\u20ac &#8211; Vendu Soliflore fleurs s\u00e9ch\u00e9esdiam\u00e8tre : 30mm &#8211; hauteur : 160mmen thuyaPrix : 12.00\u20ac &#8211; Disponible<\/p>\n","protected":false},"author":1,"featured_media":0,"parent":101,"menu_order":0,"comment_status":"closed","ping_status":"closed","template":"page-templates\/template-pagebuilder-full-width.php","meta":{"neve_meta_sidebar":"","neve_meta_container":"","neve_meta_enable_content_width":"","neve_meta_content_width":0,"neve_meta_title_alignment":"","neve_meta_author_avatar":"","neve_post_elements_order":"","neve_meta_disable_header":"","neve_meta_disable_footer":"","neve_meta_disable_title":"","footnotes":""},"class_list":["post-178","page","type-page","status-publish","hentry"],"_links":{"self":[{"href":"https:\/\/leboisdesfraux.fr\/index.php\/wp-json\/wp\/v2\/pages\/178","targetHints":{"allow":["GET"]}}],"collection":[{"href":"https:\/\/leboisdesfraux.fr\/index.php\/wp-json\/wp\/v2\/pages"}],"about":[{"href":"https:\/\/leboisdesfraux.fr\/index.php\/wp-json\/wp\/v2\/types\/page"}],"author":[{"embeddable":true,"href":"https:\/\/leboisdesfraux.fr\/index.php\/wp-json\/wp\/v2\/users\/1"}],"replies":[{"embeddable":true,"href":"https:\/\/leboisdesfraux.fr\/index.php\/wp-json\/wp\/v2\/comments?post=178"}],"version-history":[{"count":14,"href":"https:\/\/leboisdesfraux.fr\/index.php\/wp-json\/wp\/v2\/pages\/178\/revisions"}],"predecessor-version":[{"id":776,"href":"https:\/\/leboisdesfraux.fr\/index.php\/wp-json\/wp\/v2\/pages\/178\/revisions\/776"}],"up":[{"embeddable":true,"href":"https:\/\/leboisdesfraux.fr\/index.php\/wp-json\/wp\/v2\/pages\/101"}],"wp:attachment":[{"href":"https:\/\/leboisdesfraux.fr\/index.php\/wp-json\/wp\/v2\/media?parent=178"}],"curies":[{"name":"wp","href":"https:\/\/api.w.org\/{rel}","templated":true}]}}