{"id":16,"date":"2023-01-16T20:29:22","date_gmt":"2023-01-16T20:29:22","guid":{"rendered":"https:\/\/leboisdesfraux.fr\/?page_id=16"},"modified":"2025-03-30T17:20:46","modified_gmt":"2025-03-30T17:20:46","slug":"page-de-garde","status":"publish","type":"page","link":"https:\/\/leboisdesfraux.fr\/","title":{"rendered":"1- Page de garde"},"content":{"rendered":"\n<div class=\"wp-block-cover\"><span aria-hidden=\"true\" class=\"wp-block-cover__background has-background-dim\"><\/span><img loading=\"lazy\" decoding=\"async\" width=\"2560\" height=\"2560\" class=\"wp-block-cover__image-background wp-image-417\" alt=\"\" src=\"http:\/\/leboisdesfraux.fr\/wp-content\/uploads\/2023\/11\/IMG_20231110_093950_559-scaled.jpg\" data-object-fit=\"cover\" srcset=\"https:\/\/leboisdesfraux.fr\/wp-content\/uploads\/2023\/11\/IMG_20231110_093950_559-scaled.jpg 2560w, https:\/\/leboisdesfraux.fr\/wp-content\/uploads\/2023\/11\/IMG_20231110_093950_559-300x300.jpg 300w, https:\/\/leboisdesfraux.fr\/wp-content\/uploads\/2023\/11\/IMG_20231110_093950_559-1024x1024.jpg 1024w, https:\/\/leboisdesfraux.fr\/wp-content\/uploads\/2023\/11\/IMG_20231110_093950_559-150x150.jpg 150w, https:\/\/leboisdesfraux.fr\/wp-content\/uploads\/2023\/11\/IMG_20231110_093950_559-768x768.jpg 768w, https:\/\/leboisdesfraux.fr\/wp-content\/uploads\/2023\/11\/IMG_20231110_093950_559-1536x1536.jpg 1536w, https:\/\/leboisdesfraux.fr\/wp-content\/uploads\/2023\/11\/IMG_20231110_093950_559-2048x2048.jpg 2048w\" sizes=\"auto, (max-width: 2560px) 100vw, 2560px\" \/><div class=\"wp-block-cover__inner-container is-layout-flow wp-block-cover-is-layout-flow\">\n<p class=\"has-text-align-center has-large-font-size\">Le Bois des Fraux<\/p>\n<\/div><\/div>\n\n\n\n<div class=\"wp-block-group is-vertical is-layout-flex wp-container-core-group-is-layout-76a81b31 wp-block-group-is-layout-flex\">\n<div class=\"wp-block-columns alignwide is-layout-flex wp-container-core-columns-is-layout-9d6595d7 wp-block-columns-is-layout-flex\">\n<div class=\"wp-block-column is-layout-flow wp-block-column-is-layout-flow\" style=\"flex-basis:66.66%\">\n<p><\/p>\n\n\n\n<p><\/p>\n<\/div>\n\n\n\n<div class=\"wp-block-column is-vertically-aligned-center is-layout-flow wp-block-column-is-layout-flow\" style=\"flex-basis:33.33%\"><\/div>\n<\/div>\n<\/div>\n\n\n\n<div class=\"wp-block-media-text is-stacked-on-mobile\"><figure class=\"wp-block-media-text__media\"><img loading=\"lazy\" decoding=\"async\" width=\"768\" height=\"1024\" src=\"https:\/\/leboisdesfraux.fr\/wp-content\/uploads\/2024\/01\/IMG-20201030-WA0004.jpg\" alt=\"\" class=\"wp-image-611 size-full\" srcset=\"https:\/\/leboisdesfraux.fr\/wp-content\/uploads\/2024\/01\/IMG-20201030-WA0004.jpg 768w, https:\/\/leboisdesfraux.fr\/wp-content\/uploads\/2024\/01\/IMG-20201030-WA0004-225x300.jpg 225w\" sizes=\"auto, (max-width: 768px) 100vw, 768px\" \/><\/figure><div class=\"wp-block-media-text__content\">\n<h2 class=\"wp-block-heading\"><strong>Bienvenue sur le site \u00ab&nbsp;Le Bois des Fraux&nbsp;\u00bb<\/strong><\/h2>\n\n\n\n<p><\/p>\n\n\n\n<p><br><strong>De vieux outils&#8230;&#8230;.rang\u00e9s dans une vieille armoire&#8230;&#8230;.<\/strong><br><strong>Le tout enferm\u00e9 dans un vieil atelier en sommeil depuis plusieurs d\u00e9cennies<\/strong><br><strong>Auparavant on y fabriquait des sabots, des r\u00e2teaux, des manches d&rsquo;outils etc&#8230; pour les travaux de la ferme<\/strong><br><strong>Et j&rsquo;ai d\u00e9cid\u00e9, il y a 5 ans, de redonner vie \u00e0 ce local<\/strong><br><strong>Apr\u00e8s investissement dans un tour \u00e0 bois et un combin\u00e9, je me suis lanc\u00e9&#8230;&#8230;<\/strong><br><strong>Je vous pr\u00e9sente, ici, quelques-unes de mes cr\u00e9ations<\/strong><br><\/p>\n<\/div><\/div>\n","protected":false},"excerpt":{"rendered":"<p>Bienvenue sur le site \u00ab&nbsp;Le Bois des Fraux&nbsp;\u00bb De vieux outils&#8230;&#8230;.rang\u00e9s dans une vieille armoire&#8230;&#8230;.Le tout enferm\u00e9 dans un vieil atelier en sommeil depuis plusieurs d\u00e9cenniesAuparavant on y fabriquait des sabots, des r\u00e2teaux, des manches d&rsquo;outils etc&#8230; pour les travaux de la fermeEt j&rsquo;ai d\u00e9cid\u00e9, il y a 5 ans, de redonner vie \u00e0 ce&hellip;&nbsp;<a href=\"https:\/\/leboisdesfraux.fr\/\" rel=\"bookmark\">Lire la suite &raquo;<span class=\"screen-reader-text\">1- Page de garde<\/span><\/a><\/p>\n","protected":false},"author":1,"featured_media":0,"parent":0,"menu_order":0,"comment_status":"closed","ping_status":"closed","template":"page-templates\/template-pagebuilder-full-width.php","meta":{"neve_meta_sidebar":"","neve_meta_container":"default","neve_meta_enable_content_width":"","neve_meta_content_width":0,"neve_meta_title_alignment":"","neve_meta_author_avatar":"","neve_post_elements_order":"","neve_meta_disable_header":"","neve_meta_disable_footer":"","neve_meta_disable_title":"on","footnotes":""},"class_list":["post-16","page","type-page","status-publish","hentry"],"_links":{"self":[{"href":"https:\/\/leboisdesfraux.fr\/index.php\/wp-json\/wp\/v2\/pages\/16","targetHints":{"allow":["GET"]}}],"collection":[{"href":"https:\/\/leboisdesfraux.fr\/index.php\/wp-json\/wp\/v2\/pages"}],"about":[{"href":"https:\/\/leboisdesfraux.fr\/index.php\/wp-json\/wp\/v2\/types\/page"}],"author":[{"embeddable":true,"href":"https:\/\/leboisdesfraux.fr\/index.php\/wp-json\/wp\/v2\/users\/1"}],"replies":[{"embeddable":true,"href":"https:\/\/leboisdesfraux.fr\/index.php\/wp-json\/wp\/v2\/comments?post=16"}],"version-history":[{"count":62,"href":"https:\/\/leboisdesfraux.fr\/index.php\/wp-json\/wp\/v2\/pages\/16\/revisions"}],"predecessor-version":[{"id":699,"href":"https:\/\/leboisdesfraux.fr\/index.php\/wp-json\/wp\/v2\/pages\/16\/revisions\/699"}],"wp:attachment":[{"href":"https:\/\/leboisdesfraux.fr\/index.php\/wp-json\/wp\/v2\/media?parent=16"}],"curies":[{"name":"wp","href":"https:\/\/api.w.org\/{rel}","templated":true}]}}