{"id":101,"date":"2023-01-17T16:36:53","date_gmt":"2023-01-17T16:36:53","guid":{"rendered":"https:\/\/leboisdesfraux.fr\/?page_id=101"},"modified":"2025-03-29T08:26:44","modified_gmt":"2025-03-29T08:26:44","slug":"3-mes-creations","status":"publish","type":"page","link":"https:\/\/leboisdesfraux.fr\/index.php\/page-de-garde\/3-mes-creations\/","title":{"rendered":"3- Mes cr\u00e9ations"},"content":{"rendered":"\n<p><\/p>\n\n\n\n<p class=\"has-text-align-center\"><strong>Vous trouverez ici quelques-unes de mes cr\u00e9ations class\u00e9es par cat\u00e9gorie<\/strong><\/p>\n","protected":false},"excerpt":{"rendered":"<p>Vous trouverez ici quelques-unes de mes cr\u00e9ations class\u00e9es par cat\u00e9gorie<\/p>\n","protected":false},"author":1,"featured_media":0,"parent":16,"menu_order":0,"comment_status":"closed","ping_status":"closed","template":"page-templates\/template-pagebuilder-full-width.php","meta":{"neve_meta_sidebar":"","neve_meta_container":"","neve_meta_enable_content_width":"","neve_meta_content_width":0,"neve_meta_title_alignment":"","neve_meta_author_avatar":"","neve_post_elements_order":"","neve_meta_disable_header":"","neve_meta_disable_footer":"","neve_meta_disable_title":"","footnotes":""},"class_list":["post-101","page","type-page","status-publish","hentry"],"_links":{"self":[{"href":"https:\/\/leboisdesfraux.fr\/index.php\/wp-json\/wp\/v2\/pages\/101","targetHints":{"allow":["GET"]}}],"collection":[{"href":"https:\/\/leboisdesfraux.fr\/index.php\/wp-json\/wp\/v2\/pages"}],"about":[{"href":"https:\/\/leboisdesfraux.fr\/index.php\/wp-json\/wp\/v2\/types\/page"}],"author":[{"embeddable":true,"href":"https:\/\/leboisdesfraux.fr\/index.php\/wp-json\/wp\/v2\/users\/1"}],"replies":[{"embeddable":true,"href":"https:\/\/leboisdesfraux.fr\/index.php\/wp-json\/wp\/v2\/comments?post=101"}],"version-history":[{"count":6,"href":"https:\/\/leboisdesfraux.fr\/index.php\/wp-json\/wp\/v2\/pages\/101\/revisions"}],"predecessor-version":[{"id":700,"href":"https:\/\/leboisdesfraux.fr\/index.php\/wp-json\/wp\/v2\/pages\/101\/revisions\/700"}],"up":[{"embeddable":true,"href":"https:\/\/leboisdesfraux.fr\/index.php\/wp-json\/wp\/v2\/pages\/16"}],"wp:attachment":[{"href":"https:\/\/leboisdesfraux.fr\/index.php\/wp-json\/wp\/v2\/media?parent=101"}],"curies":[{"name":"wp","href":"https:\/\/api.w.org\/{rel}","templated":true}]}}